{"id":340,"date":"2019-11-12T21:09:58","date_gmt":"2019-11-12T16:09:58","guid":{"rendered":"http:\/\/otttransport.com\/company\/"},"modified":"2026-03-03T22:11:10","modified_gmt":"2026-03-03T17:11:10","slug":"a-propos","status":"publish","type":"page","link":"https:\/\/otttransport.com\/fr\/a-propos\/","title":{"rendered":"\u00c0 propos"},"content":{"rendered":"<div class=\"wpb-content-wrapper\">[mk_page_section bg_image=\u00a0\u00bbhttp:\/\/otttransport.com\/wp-content\/uploads\/dry-vans-opt.jpg\u00a0\u00bb bg_position=\u00a0\u00bbcenter center\u00a0\u00bb bg_repeat=\u00a0\u00bbno-repeat\u00a0\u00bb bg_stretch=\u00a0\u00bbtrue\u00a0\u00bb video_color_mask=\u00a0\u00bbrgba(0,0,0,0.7)\u00a0\u00bb video_opacity=\u00a0\u00bb0.9&Prime; full_height=\u00a0\u00bbtrue\u00a0\u00bb section_id=\u00a0\u00bb125282219&Prime; sidebar=\u00a0\u00bbsidebar-1&Prime;][vc_column][mk_fancy_title tag_name=\u00a0\u00bbh1&Prime; color=\u00a0\u00bb#ffffff\u00a0\u00bb size=\u00a0\u00bb60&Prime; force_font_size=\u00a0\u00bbtrue\u00a0\u00bb size_tablet=\u00a0\u00bb40&Prime; size_phone=\u00a0\u00bb30&Prime; font_weight=\u00a0\u00bbbold\u00a0\u00bb txt_transform=\u00a0\u00bbuppercase\u00a0\u00bb margin_top=\u00a0\u00bb60&Prime; margin_bottom=\u00a0\u00bb0&Prime; font_family=\u00a0\u00bbMontserrat\u00a0\u00bb font_type=\u00a0\u00bbgoogle\u00a0\u00bb align=\u00a0\u00bbcenter\u00a0\u00bb]<small style=\"display: inline-block; font-size: 30px; line-height: 1.3em; font-weight: normal;\">On carbure \u00e0 vous aider <\/small><br \/>\nNotre succ\u00e8s\u00a0et celui de nos clients sont \u00e9troitement li\u00e9s[\/mk_fancy_title][mk_button dimension=\u00a0\u00bbflat\u00a0\u00bb size=\u00a0\u00bblarge\u00a0\u00bb url=\u00a0\u00bb\/fr\/contactez-nous\/\u00a0\u00bb align=\u00a0\u00bbcenter\u00a0\u00bb margin_right=\u00a0\u00bb0&Prime; visibility=\u00a0\u00bbhidden-sm\u00a0\u00bb bg_color=\u00a0\u00bbrgba(210,35,42,0.9)\u00a0\u00bb btn_hover_bg=\u00a0\u00bb#dd3333&Prime;] Contactez-nous[\/mk_button][\/vc_column][\/mk_page_section][vc_row fullwidth=\u00a0\u00bbtrue\u00a0\u00bb][vc_column][mk_divider style=\u00a0\u00bbthin_solid\u00a0\u00bb thin_single_color=\u00a0\u00bb#1c3f95&Prime; thickness=\u00a0\u00bb10&Prime; margin_top=\u00a0\u00bb0&Prime; margin_bottom=\u00a0\u00bb0&Prime;][\/vc_column][\/vc_row][mk_page_section bg_color=\u00a0\u00bb#cbe2f6&Prime; video_opacity=\u00a0\u00bb0&Prime; sidebar=\u00a0\u00bbsidebar-1&Prime;][vc_column][mk_padding_divider size=\u00a0\u00bb140&Prime;][mk_fancy_title size=\u00a0\u00bb50&Prime; force_font_size=\u00a0\u00bbtrue\u00a0\u00bb size_tablet=\u00a0\u00bb30&Prime; size_phone=\u00a0\u00bb25&Prime; font_weight=\u00a0\u00bb400&Prime; txt_transform=\u00a0\u00bbuppercase\u00a0\u00bb font_family=\u00a0\u00bbMontserrat\u00a0\u00bb font_type=\u00a0\u00bbgoogle\u00a0\u00bb align=\u00a0\u00bbcenter\u00a0\u00bb]OTT Transport\u2026 toujours plus loin<br \/>\n[\/mk_fancy_title][vc_row_inner][vc_column_inner width=\u00a0\u00bb2\/3&Prime;][mk_padding_divider size=\u00a0\u00bb20&Prime; visibility=\u00a0\u00bbhidden-sm\u00a0\u00bb][vc_column_text css=\u00a0\u00bb.vc_custom_1576598591982{margin-bottom: 0px !important;}\u00a0\u00bb]\u00c0 sa fondation en 2002, OTT Transport poss\u00e9dait un seul camion. Depuis, sa flotte conna\u00eet une croissance constante pour atteindre aujourd\u2019hui plus de 100 camions et remorques. Et cette expansion n\u2019est pas termin\u00e9e!<\/p>\n<p>OTT Transport est g\u00e9r\u00e9 par une \u00e9quipe efficace avec des gens poss\u00e9dant plus de 40 ans d&rsquo;exp\u00e9rience dans l&rsquo;industrie du transport.<\/p>\n<p>L&rsquo;entreprise occupe un b\u00e2timent de 44 000 pieds carr\u00e9s avec une cour de 124 000 pieds carr\u00e9s qui nous permet de r\u00e9pondre \u00e0 tous les besoins de transport.<\/p>\n<p>De plus, nous avons un garage de 10 000 pieds carr\u00e9s avec des \u00e9quipements \u00e0 la fine pointe et des m\u00e9caniciens certifi\u00e9s qui s\u2019assurent que notre flotte est toujours en impeccable condition.[\/vc_column_text][mk_padding_divider][\/vc_column_inner][vc_column_inner width=\u00a0\u00bb1\/3&Prime;][vc_raw_html css=\u00a0\u00bb\u00a0\u00bb]JTNDc2NyaXB0JTIwc3JjJTNEJTIyaHR0cHMlM0ElMkYlMkZmYXN0Lndpc3RpYS5jb20lMkZwbGF5ZXIuanMlMjIlMjBhc3luYyUzRSUzQyUyRnNjcmlwdCUzRSUzQ3NjcmlwdCUyMHNyYyUzRCUyMmh0dHBzJTNBJTJGJTJGZmFzdC53aXN0aWEuY29tJTJGZW1iZWQlMkZvc2cxdGNsdjZsLmpzJTIyJTIwYXN5bmMlMjB0eXBlJTNEJTIybW9kdWxlJTIyJTNFJTNDJTJGc2NyaXB0JTNFJTNDc3R5bGUlM0V3aXN0aWEtcGxheWVyJTVCbWVkaWEtaWQlM0QlMjdvc2cxdGNsdjZsJTI3JTVEJTNBbm90JTI4JTNBZGVmaW5lZCUyOSUyMCU3QiUyMGJhY2tncm91bmQlM0ElMjBjZW50ZXIlMjAlMkYlMjBjb250YWluJTIwbm8tcmVwZWF0JTIwdXJsJTI4JTI3aHR0cHMlM0ElMkYlMkZmYXN0Lndpc3RpYS5jb20lMkZlbWJlZCUyRm1lZGlhcyUyRm9zZzF0Y2x2NmwlMkZzd2F0Y2glMjclMjklM0IlMjBkaXNwbGF5JTNBJTIwYmxvY2slM0IlMjBmaWx0ZXIlM0ElMjBibHVyJTI4NXB4JTI5JTNCJTIwcGFkZGluZy10b3AlM0E1Ni4yNSUyNSUzQiUyMCU3RCUzQyUyRnN0eWxlJTNFJTIwJTNDd2lzdGlhLXBsYXllciUyMG1lZGlhLWlkJTNEJTIyb3NnMXRjbHY2bCUyMiUyMHNlbyUzRCUyMmZhbHNlJTIyJTIwYXNwZWN0JTNEJTIyMS43Nzc3Nzc3Nzc3Nzc3Nzc3JTIyJTNFJTNDJTJGd2lzdGlhLXBsYXllciUzRQ==[\/vc_raw_html][\/vc_column_inner][\/vc_row_inner][mk_padding_divider size=\u00a0\u00bb60&Prime;][\/vc_column][\/mk_page_section][mk_page_section sidebar=\u00a0\u00bbsidebar-1&Prime;][vc_column][mk_padding_divider size=\u00a0\u00bb100&Prime;][vc_row_inner][vc_column_inner][mk_fancy_title size=\u00a0\u00bb50&Prime; force_font_size=\u00a0\u00bbtrue\u00a0\u00bb size_tablet=\u00a0\u00bb30&Prime; size_phone=\u00a0\u00bb25&Prime; font_weight=\u00a0\u00bb400&Prime; txt_transform=\u00a0\u00bbuppercase\u00a0\u00bb font_family=\u00a0\u00bbMontserrat\u00a0\u00bb font_type=\u00a0\u00bbgoogle\u00a0\u00bb align=\u00a0\u00bbcenter\u00a0\u00bb]<small style=\"display: inline-block; font-size: 30px; line-height: 1.3em; font-weight: normal;\">VOS PRODUITS SONT IMPORTANTS POUR VOTRE ENTREPRISE.<\/small><br \/>\nAssurez-vous qu\u2019ils le soient tout autant pour votre entreprise de transport.[\/mk_fancy_title][mk_padding_divider][\/vc_column_inner][\/vc_row_inner][vc_row_inner][vc_column_inner width=\u00a0\u00bb1\/2&Prime;][mk_divider style=\u00a0\u00bbthin_solid\u00a0\u00bb thin_single_color=\u00a0\u00bb#1c3f95&Prime; thickness=\u00a0\u00bb5&Prime; margin_top=\u00a0\u00bb0&Prime; margin_bottom=\u00a0\u00bb0&Prime;][mk_padding_divider size=\u00a0\u00bb30&Prime;][vc_column_text css=\u00a0\u00bb.vc_custom_1576177880563{margin-bottom: 0px !important;}\u00a0\u00bb]\n<h3>Service<\/h3>\n<p>Pour nous, le service, c\u2019est \u00eatre disponible 24h, 7 jours pour nos clients et partenaires. C\u2019est aussi faire preuve de gentillesse, de respect et de professionnalisme avec tous ceux qu\u2019on croise sur notre chemin. Le service, c\u2019est \u00eatre \u00e0 votre \u00e9coute, savoir \u00e9valuer vos besoins et s\u2019impliquer \u00e0 fond pour assurer le succ\u00e8s de chaque transport.[\/vc_column_text][mk_padding_divider size=\u00a0\u00bb30&Prime;][\/vc_column_inner][vc_column_inner width=\u00a0\u00bb1\/2&Prime;][mk_divider style=\u00a0\u00bbthin_solid\u00a0\u00bb thin_single_color=\u00a0\u00bb#1c3f95&Prime; thickness=\u00a0\u00bb5&Prime; margin_top=\u00a0\u00bb0&Prime; margin_bottom=\u00a0\u00bb0&Prime;][mk_padding_divider size=\u00a0\u00bb30&Prime;][vc_column_text css=\u00a0\u00bb.vc_custom_1576177896668{margin-bottom: 0px !important;}\u00a0\u00bb]\n<h3>Conseil<\/h3>\n<p>Si vous \u00eates occup\u00e9 \u00e0 g\u00e9rer une entreprise, vous ne voulez pas avoir \u00e0 \u00e9valuer quelles options sont les plus viables et les plus \u00e9conomiques pour vos besoins de transport. Vous avez mieux \u00e0 faire. Au fil des ann\u00e9es, nous avons d\u00e9velopp\u00e9 le savoir-faire et les comp\u00e9tences n\u00e9cessaires pour recommander la mani\u00e8re la plus rentable et la plus efficace de d\u00e9placer vos articles en toute s\u00e9curit\u00e9.<br \/>\n[\/vc_column_text][mk_padding_divider size=\u00a0\u00bb30&Prime;][\/vc_column_inner][\/vc_row_inner][vc_row_inner][vc_column_inner][mk_divider style=\u00a0\u00bbthin_solid\u00a0\u00bb thin_single_color=\u00a0\u00bb#1c3f95&Prime; thickness=\u00a0\u00bb5&Prime; margin_top=\u00a0\u00bb0&Prime; margin_bottom=\u00a0\u00bb0&Prime;][mk_padding_divider size=\u00a0\u00bb30&Prime;][vc_column_text css=\u00a0\u00bb.vc_custom_1576177914060{margin-bottom: 0px !important;}\u00a0\u00bb]\n<h3>Flexibilit\u00e9<\/h3>\n<p>Vous n\u2019avez peut-\u00eatre pas besoin d&rsquo;un chargement complet. Ou peut-\u00eatre avez-vous besoin d&rsquo;unit\u00e9s r\u00e9frig\u00e9r\u00e9es avec un \u00e9quipement pr\u00e9cis. Les activit\u00e9s de chacun de nos clients sont uniques et nous avons construit une flotte qui peut r\u00e9pondre \u00e0 une grande vari\u00e9t\u00e9 de besoins de transport. Dites-nous ce que vous exp\u00e9diez et nous saurons vous conseiller.[\/vc_column_text][mk_padding_divider size=\u00a0\u00bb30&Prime;][\/vc_column_inner][\/vc_row_inner][vc_row_inner][vc_column_inner width=\u00a0\u00bb1\/2&Prime;][mk_divider style=\u00a0\u00bbthin_solid\u00a0\u00bb thin_single_color=\u00a0\u00bb#1c3f95&Prime; thickness=\u00a0\u00bb5&Prime; margin_top=\u00a0\u00bb0&Prime; margin_bottom=\u00a0\u00bb0&Prime;][mk_padding_divider size=\u00a0\u00bb30&Prime;][vc_column_text css=\u00a0\u00bb.vc_custom_1576177931345{margin-bottom: 0px !important;}\u00a0\u00bb]\n<h3>R\u00e9putation<\/h3>\n<p>C\u2019est toujours rassurant de faire affaire avec une entreprise ayant une bonne r\u00e9putation. \u00c7a vaut aussi dans le domaine du transport. Nos clients peuvent t\u00e9moigner de la qualit\u00e9 de notre travail.[\/vc_column_text][mk_padding_divider size=\u00a0\u00bb30&Prime;][\/vc_column_inner][vc_column_inner width=\u00a0\u00bb1\/2&Prime;][mk_divider style=\u00a0\u00bbthin_solid\u00a0\u00bb thin_single_color=\u00a0\u00bb#1c3f95&Prime; thickness=\u00a0\u00bb5&Prime; margin_top=\u00a0\u00bb0&Prime; margin_bottom=\u00a0\u00bb0&Prime;][mk_padding_divider size=\u00a0\u00bb30&Prime;][vc_column_text css=\u00a0\u00bb.vc_custom_1576178036803{margin-bottom: 0px !important;}\u00a0\u00bb]\n<h3>Territoire<\/h3>\n<p>Si vous avez quoi que ce soit \u00e0 transporter \u00e0 travers le Canada ou les \u00c9tats-Unis, nous pouvons vous aider. Avec le transport lui-m\u00eame, mais aussi avec les documents et exigences \u00e0 remplir pour la manutention \u00e0 travers ces deux pays.[\/vc_column_text][mk_padding_divider size=\u00a0\u00bb30&Prime;][\/vc_column_inner][\/vc_row_inner][vc_row_inner][vc_column_inner][mk_divider style=\u00a0\u00bbthin_solid\u00a0\u00bb thin_single_color=\u00a0\u00bb#1c3f95&Prime; thickness=\u00a0\u00bb5&Prime; margin_top=\u00a0\u00bb0&Prime; margin_bottom=\u00a0\u00bb0&Prime;][mk_padding_divider size=\u00a0\u00bb30&Prime;][vc_column_text css=\u00a0\u00bb.vc_custom_1576178025139{margin-bottom: 0px !important;}\u00a0\u00bb]\n<h3><img loading=\"lazy\" decoding=\"async\" class=\"size-medium wp-image-249 alignright\" src=\"http:\/\/otttransport.com\/wp-content\/uploads\/ctpat-logo-large-opt-300x200.jpg\" alt=\"C-TPAT carrier\" width=\"300\" height=\"200\" srcset=\"https:\/\/otttransport.com\/wp-content\/uploads\/ctpat-logo-large-opt-300x200.jpg 300w, https:\/\/otttransport.com\/wp-content\/uploads\/ctpat-logo-large-opt.jpg 337w\" sizes=\"auto, (max-width: 300px) 100vw, 300px\" \/>Certifications<\/h3>\n<p>Nous vous disons que nous faisons du bon travail, et nos clients le confirment. Malgr\u00e9 tout, puisque vous mettez beaucoup de marchandise entre nos mains, vous pourriez \u00eatre rassur\u00e9s en sachant qu\u2019un tiers certifie aussi notre travail. OTT Transport est un transporteur certifi\u00e9 C-TPAT. Cette certification, combin\u00e9e au statut Fast \/ Express, signifie que notre entreprise a mis en place des mesures pour assurer la s\u00e9curit\u00e9 du commerce transfrontalier. De m\u00eame, cette certification indique que nous sommes un transporteur \/ importateur pleinement qualifi\u00e9 pour le march\u00e9 nord-am\u00e9ricain. [\/vc_column_text][\/vc_column_inner][\/vc_row_inner][mk_padding_divider size=\u00a0\u00bb60&Prime;][\/vc_column][\/mk_page_section][vc_row fullwidth=\u00a0\u00bbtrue\u00a0\u00bb][vc_column][mk_divider style=\u00a0\u00bbthin_solid\u00a0\u00bb thin_single_color=\u00a0\u00bb#1c3f95&Prime; thickness=\u00a0\u00bb10&Prime; margin_top=\u00a0\u00bb0&Prime; margin_bottom=\u00a0\u00bb0&Prime;][\/vc_column][\/vc_row][vc_row fullwidth=\u00a0\u00bbtrue\u00a0\u00bb attached=\u00a0\u00bbtrue\u00a0\u00bb animation=\u00a0\u00bbfade-in\u00a0\u00bb el_class=\u00a0\u00bbbjm-image-bg-link\u00a0\u00bb][vc_column width=\u00a0\u00bb1\/2&Prime;][mk_custom_box padding_vertical=\u00a0\u00bb400&Prime; margin_bottom=\u00a0\u00bb0&Prime; min_height=\u00a0\u00bb900&Prime; bg_image=\u00a0\u00bbhttp:\/\/otttransport.com\/wp-content\/uploads\/ott-trailers-opt.jpg\u00a0\u00bb background_hov_color_style=\u00a0\u00bbimage\u00a0\u00bb bg_image_hov_effect=\u00a0\u00bbzoom-in\u00a0\u00bb bg_stretch=\u00a0\u00bbtrue\u00a0\u00bb][\/mk_custom_box][\/vc_column][vc_column width=\u00a0\u00bb1\/2&Prime;][mk_custom_box padding_vertical=\u00a0\u00bb225&Prime; margin_bottom=\u00a0\u00bb0&Prime; min_height=\u00a0\u00bb450&Prime; bg_image=\u00a0\u00bbhttp:\/\/otttransport.com\/wp-content\/uploads\/ott-truck-opt.jpg\u00a0\u00bb background_hov_color_style=\u00a0\u00bbimage\u00a0\u00bb bg_image_hov_effect=\u00a0\u00bbzoom-in\u00a0\u00bb bg_stretch=\u00a0\u00bbtrue\u00a0\u00bb][\/mk_custom_box][mk_custom_box padding_vertical=\u00a0\u00bb225&Prime; margin_bottom=\u00a0\u00bb0&Prime; min_height=\u00a0\u00bb450&Prime; bg_image=\u00a0\u00bbhttp:\/\/otttransport.com\/wp-content\/uploads\/vented-trailers-opt.jpg\u00a0\u00bb background_hov_color_style=\u00a0\u00bbimage\u00a0\u00bb bg_image_hov_effect=\u00a0\u00bbzoom-in\u00a0\u00bb bg_stretch=\u00a0\u00bbtrue\u00a0\u00bb][\/mk_custom_box][\/vc_column][\/vc_row][vc_row fullwidth=\u00a0\u00bbtrue\u00a0\u00bb][vc_column][mk_divider style=\u00a0\u00bbthin_solid\u00a0\u00bb thin_single_color=\u00a0\u00bb#cbe2f6&Prime; thickness=\u00a0\u00bb10&Prime; margin_top=\u00a0\u00bb0&Prime; margin_bottom=\u00a0\u00bb0&Prime;][\/vc_column][\/vc_row][mk_page_section bg_color=\u00a0\u00bb#1c3f95&Prime; sidebar=\u00a0\u00bbsidebar-1&Prime;][vc_column][mk_padding_divider size=\u00a0\u00bb170&Prime;][vc_row_inner][vc_column_inner width=\u00a0\u00bb1\/12&Prime;][\/vc_column_inner][vc_column_inner width=\u00a0\u00bb10\/12&Prime;][mk_fancy_title tag_name=\u00a0\u00bbh3&Prime; color=\u00a0\u00bb#ffffff\u00a0\u00bb size=\u00a0\u00bb50&Prime; force_font_size=\u00a0\u00bbtrue\u00a0\u00bb size_tablet=\u00a0\u00bb35&Prime; size_phone=\u00a0\u00bb25&Prime; font_weight=\u00a0\u00bb400&Prime; txt_transform=\u00a0\u00bbuppercase\u00a0\u00bb font_family=\u00a0\u00bbMontserrat\u00a0\u00bb font_type=\u00a0\u00bbgoogle\u00a0\u00bb align=\u00a0\u00bbcenter\u00a0\u00bb]Toujours pr\u00eats pour le transport et disponibles pour vos questions!<br \/>\n[\/mk_fancy_title][\/vc_column_inner][vc_column_inner width=\u00a0\u00bb1\/12&Prime;][\/vc_column_inner][\/vc_row_inner][mk_button dimension=\u00a0\u00bbflat\u00a0\u00bb size=\u00a0\u00bblarge\u00a0\u00bb url=\u00a0\u00bb\/fr\/contactez-nous\/\u00a0\u00bb align=\u00a0\u00bbcenter\u00a0\u00bb margin_right=\u00a0\u00bb0&Prime; animation=\u00a0\u00bbscale-up\u00a0\u00bb bg_color=\u00a0\u00bbrgba(210,35,42,0.9)\u00a0\u00bb btn_hover_bg=\u00a0\u00bb#dd3333&Prime;]Demandez une soumission<br \/>\n[\/mk_button][mk_padding_divider size=\u00a0\u00bb140&Prime;][\/vc_column][\/mk_page_section]\n<\/div>","protected":false},"excerpt":{"rendered":"<p>[mk_page_section bg_image=\u00a0\u00bbhttp:\/\/otttransport.com\/wp-content\/uploads\/dry-vans-opt.jpg\u00a0\u00bb bg_position=\u00a0\u00bbcenter center\u00a0\u00bb bg_repeat=\u00a0\u00bbno-repeat\u00a0\u00bb bg_stretch=\u00a0\u00bbtrue\u00a0\u00bb video_color_mask=\u00a0\u00bbrgba(0,0,0,0.7)\u00a0\u00bb video_opacity=\u00a0\u00bb0.9&Prime; full_height=\u00a0\u00bbtrue\u00a0\u00bb section_id=\u00a0\u00bb125282219&Prime; sidebar=\u00a0\u00bbsidebar-1&Prime;][vc_column][mk_fancy_title tag_name=\u00a0\u00bbh1&Prime; color=\u00a0\u00bb#ffffff\u00a0\u00bb size=\u00a0\u00bb60&Prime; force_font_size=\u00a0\u00bbtrue\u00a0\u00bb size_tablet=\u00a0\u00bb40&Prime; size_phone=\u00a0\u00bb30&Prime; font_weight=\u00a0\u00bbbold\u00a0\u00bb txt_transform=\u00a0\u00bbuppercase\u00a0\u00bb margin_top=\u00a0\u00bb60&Prime; margin_bottom=\u00a0\u00bb0&Prime; font_family=\u00a0\u00bbMontserrat\u00a0\u00bb font_type=\u00a0\u00bbgoogle\u00a0\u00bb align=\u00a0\u00bbcenter\u00a0\u00bb]On carbure \u00e0 vous aider Notre succ\u00e8s\u00a0et celui de nos clients sont \u00e9troitement li\u00e9s[\/mk_fancy_title][mk_button dimension=\u00a0\u00bbflat\u00a0\u00bb size=\u00a0\u00bblarge\u00a0\u00bb url=\u00a0\u00bb\/fr\/contactez-nous\/\u00a0\u00bb align=\u00a0\u00bbcenter\u00a0\u00bb margin_right=\u00a0\u00bb0&Prime; visibility=\u00a0\u00bbhidden-sm\u00a0\u00bb bg_color=\u00a0\u00bbrgba(210,35,42,0.9)\u00a0\u00bb btn_hover_bg=\u00a0\u00bb#dd3333&Prime;] Contactez-nous[\/mk_button][\/vc_column][\/mk_page_section][vc_row fullwidth=\u00a0\u00bbtrue\u00a0\u00bb][vc_column][mk_divider style=\u00a0\u00bbthin_solid\u00a0\u00bb thin_single_color=\u00a0\u00bb#1c3f95&Prime; thickness=\u00a0\u00bb10&Prime; margin_top=\u00a0\u00bb0&Prime; margin_bottom=\u00a0\u00bb0&Prime;][\/vc_column][\/vc_row][mk_page_section bg_color=\u00a0\u00bb#cbe2f6&Prime; video_opacity=\u00a0\u00bb0&Prime; sidebar=\u00a0\u00bbsidebar-1&Prime;][vc_column][mk_padding_divider [&hellip;]<\/p>\n","protected":false},"author":2,"featured_media":0,"parent":0,"menu_order":0,"comment_status":"closed","ping_status":"closed","template":"","meta":{"footnotes":""},"class_list":["post-340","page","type-page","status-publish","hentry"],"yoast_head":"<!-- This site is optimized with the Yoast SEO plugin v27.3 - https:\/\/yoast.com\/product\/yoast-seo-wordpress\/ -->\n<title>\u00c0 Propos de OTT Transport | Entreprise de Transport Routier<\/title>\n<meta name=\"description\" content=\"OTT offre un service de transport certifi\u00e9 au Canada et \u00c9tats-Unis. Vos produits sont importants. Assurez-vous qu\u2019ils le soient pour votre entreprise de transport aussi.\" \/>\n<meta name=\"robots\" content=\"index, follow, max-snippet:-1, max-image-preview:large, max-video-preview:-1\" \/>\n<link rel=\"canonical\" href=\"https:\/\/otttransport.com\/fr\/a-propos\/\" \/>\n<meta property=\"og:locale\" content=\"fr_CA\" \/>\n<meta property=\"og:type\" content=\"article\" \/>\n<meta property=\"og:title\" content=\"\u00c0 Propos de OTT Transport | Entreprise de Transport Routier\" \/>\n<meta property=\"og:description\" content=\"OTT offre un service de transport certifi\u00e9 au Canada et \u00c9tats-Unis. Vos produits sont importants. Assurez-vous qu\u2019ils le soient pour votre entreprise de transport aussi.\" \/>\n<meta property=\"og:url\" content=\"https:\/\/otttransport.com\/fr\/a-propos\/\" \/>\n<meta property=\"og:site_name\" content=\"On Time Transport\" \/>\n<meta property=\"article:modified_time\" content=\"2026-03-03T17:11:10+00:00\" \/>\n<meta property=\"og:image\" content=\"https:\/\/otttransport.com\/wp-content\/uploads\/ctpat-logo-large-opt.jpg\" \/>\n\t<meta property=\"og:image:width\" content=\"337\" \/>\n\t<meta property=\"og:image:height\" content=\"225\" \/>\n\t<meta property=\"og:image:type\" content=\"image\/jpeg\" \/>\n<meta name=\"twitter:card\" content=\"summary_large_image\" \/>\n<meta name=\"twitter:label1\" content=\"Estimation du temps de lecture\" \/>\n\t<meta name=\"twitter:data1\" content=\"4 minutes\" \/>\n<script type=\"application\/ld+json\" class=\"yoast-schema-graph\">{\"@context\":\"https:\\\/\\\/schema.org\",\"@graph\":[{\"@type\":\"WebPage\",\"@id\":\"https:\\\/\\\/otttransport.com\\\/fr\\\/a-propos\\\/\",\"url\":\"https:\\\/\\\/otttransport.com\\\/fr\\\/a-propos\\\/\",\"name\":\"\u00c0 Propos de OTT Transport | Entreprise de Transport Routier\",\"isPartOf\":{\"@id\":\"https:\\\/\\\/otttransport.com\\\/#website\"},\"primaryImageOfPage\":{\"@id\":\"https:\\\/\\\/otttransport.com\\\/fr\\\/a-propos\\\/#primaryimage\"},\"image\":{\"@id\":\"https:\\\/\\\/otttransport.com\\\/fr\\\/a-propos\\\/#primaryimage\"},\"thumbnailUrl\":\"http:\\\/\\\/otttransport.com\\\/wp-content\\\/uploads\\\/ctpat-logo-large-opt-300x200.jpg\",\"datePublished\":\"2019-11-12T16:09:58+00:00\",\"dateModified\":\"2026-03-03T17:11:10+00:00\",\"description\":\"OTT offre un service de transport certifi\u00e9 au Canada et \u00c9tats-Unis. Vos produits sont importants. Assurez-vous qu\u2019ils le soient pour votre entreprise de transport aussi.\",\"breadcrumb\":{\"@id\":\"https:\\\/\\\/otttransport.com\\\/fr\\\/a-propos\\\/#breadcrumb\"},\"inLanguage\":\"fr-CA\",\"potentialAction\":[{\"@type\":\"ReadAction\",\"target\":[\"https:\\\/\\\/otttransport.com\\\/fr\\\/a-propos\\\/\"]}]},{\"@type\":\"ImageObject\",\"inLanguage\":\"fr-CA\",\"@id\":\"https:\\\/\\\/otttransport.com\\\/fr\\\/a-propos\\\/#primaryimage\",\"url\":\"http:\\\/\\\/otttransport.com\\\/wp-content\\\/uploads\\\/ctpat-logo-large-opt-300x200.jpg\",\"contentUrl\":\"http:\\\/\\\/otttransport.com\\\/wp-content\\\/uploads\\\/ctpat-logo-large-opt-300x200.jpg\"},{\"@type\":\"BreadcrumbList\",\"@id\":\"https:\\\/\\\/otttransport.com\\\/fr\\\/a-propos\\\/#breadcrumb\",\"itemListElement\":[{\"@type\":\"ListItem\",\"position\":1,\"name\":\"Home\",\"item\":\"https:\\\/\\\/otttransport.com\\\/fr\\\/\"},{\"@type\":\"ListItem\",\"position\":2,\"name\":\"\u00c0 propos\"}]},{\"@type\":\"WebSite\",\"@id\":\"https:\\\/\\\/otttransport.com\\\/#website\",\"url\":\"https:\\\/\\\/otttransport.com\\\/\",\"name\":\"On Time Transport\",\"description\":\"Jupiter 6\",\"potentialAction\":[{\"@type\":\"SearchAction\",\"target\":{\"@type\":\"EntryPoint\",\"urlTemplate\":\"https:\\\/\\\/otttransport.com\\\/?s={search_term_string}\"},\"query-input\":{\"@type\":\"PropertyValueSpecification\",\"valueRequired\":true,\"valueName\":\"search_term_string\"}}],\"inLanguage\":\"fr-CA\"}]}<\/script>\n<!-- \/ Yoast SEO plugin. -->","yoast_head_json":{"title":"\u00c0 Propos de OTT Transport | Entreprise de Transport Routier","description":"OTT offre un service de transport certifi\u00e9 au Canada et \u00c9tats-Unis. Vos produits sont importants. Assurez-vous qu\u2019ils le soient pour votre entreprise de transport aussi.","robots":{"index":"index","follow":"follow","max-snippet":"max-snippet:-1","max-image-preview":"max-image-preview:large","max-video-preview":"max-video-preview:-1"},"canonical":"https:\/\/otttransport.com\/fr\/a-propos\/","og_locale":"fr_CA","og_type":"article","og_title":"\u00c0 Propos de OTT Transport | Entreprise de Transport Routier","og_description":"OTT offre un service de transport certifi\u00e9 au Canada et \u00c9tats-Unis. Vos produits sont importants. Assurez-vous qu\u2019ils le soient pour votre entreprise de transport aussi.","og_url":"https:\/\/otttransport.com\/fr\/a-propos\/","og_site_name":"On Time Transport","article_modified_time":"2026-03-03T17:11:10+00:00","og_image":[{"width":337,"height":225,"url":"https:\/\/otttransport.com\/wp-content\/uploads\/ctpat-logo-large-opt.jpg","type":"image\/jpeg"}],"twitter_card":"summary_large_image","twitter_misc":{"Estimation du temps de lecture":"4 minutes"},"schema":{"@context":"https:\/\/schema.org","@graph":[{"@type":"WebPage","@id":"https:\/\/otttransport.com\/fr\/a-propos\/","url":"https:\/\/otttransport.com\/fr\/a-propos\/","name":"\u00c0 Propos de OTT Transport | Entreprise de Transport Routier","isPartOf":{"@id":"https:\/\/otttransport.com\/#website"},"primaryImageOfPage":{"@id":"https:\/\/otttransport.com\/fr\/a-propos\/#primaryimage"},"image":{"@id":"https:\/\/otttransport.com\/fr\/a-propos\/#primaryimage"},"thumbnailUrl":"http:\/\/otttransport.com\/wp-content\/uploads\/ctpat-logo-large-opt-300x200.jpg","datePublished":"2019-11-12T16:09:58+00:00","dateModified":"2026-03-03T17:11:10+00:00","description":"OTT offre un service de transport certifi\u00e9 au Canada et \u00c9tats-Unis. Vos produits sont importants. Assurez-vous qu\u2019ils le soient pour votre entreprise de transport aussi.","breadcrumb":{"@id":"https:\/\/otttransport.com\/fr\/a-propos\/#breadcrumb"},"inLanguage":"fr-CA","potentialAction":[{"@type":"ReadAction","target":["https:\/\/otttransport.com\/fr\/a-propos\/"]}]},{"@type":"ImageObject","inLanguage":"fr-CA","@id":"https:\/\/otttransport.com\/fr\/a-propos\/#primaryimage","url":"http:\/\/otttransport.com\/wp-content\/uploads\/ctpat-logo-large-opt-300x200.jpg","contentUrl":"http:\/\/otttransport.com\/wp-content\/uploads\/ctpat-logo-large-opt-300x200.jpg"},{"@type":"BreadcrumbList","@id":"https:\/\/otttransport.com\/fr\/a-propos\/#breadcrumb","itemListElement":[{"@type":"ListItem","position":1,"name":"Home","item":"https:\/\/otttransport.com\/fr\/"},{"@type":"ListItem","position":2,"name":"\u00c0 propos"}]},{"@type":"WebSite","@id":"https:\/\/otttransport.com\/#website","url":"https:\/\/otttransport.com\/","name":"On Time Transport","description":"Jupiter 6","potentialAction":[{"@type":"SearchAction","target":{"@type":"EntryPoint","urlTemplate":"https:\/\/otttransport.com\/?s={search_term_string}"},"query-input":{"@type":"PropertyValueSpecification","valueRequired":true,"valueName":"search_term_string"}}],"inLanguage":"fr-CA"}]}},"_links":{"self":[{"href":"https:\/\/otttransport.com\/fr\/wp-json\/wp\/v2\/pages\/340","targetHints":{"allow":["GET"]}}],"collection":[{"href":"https:\/\/otttransport.com\/fr\/wp-json\/wp\/v2\/pages"}],"about":[{"href":"https:\/\/otttransport.com\/fr\/wp-json\/wp\/v2\/types\/page"}],"author":[{"embeddable":true,"href":"https:\/\/otttransport.com\/fr\/wp-json\/wp\/v2\/users\/2"}],"replies":[{"embeddable":true,"href":"https:\/\/otttransport.com\/fr\/wp-json\/wp\/v2\/comments?post=340"}],"version-history":[{"count":5,"href":"https:\/\/otttransport.com\/fr\/wp-json\/wp\/v2\/pages\/340\/revisions"}],"predecessor-version":[{"id":1380,"href":"https:\/\/otttransport.com\/fr\/wp-json\/wp\/v2\/pages\/340\/revisions\/1380"}],"wp:attachment":[{"href":"https:\/\/otttransport.com\/fr\/wp-json\/wp\/v2\/media?parent=340"}],"curies":[{"name":"wp","href":"https:\/\/api.w.org\/{rel}","templated":true}]}}