{"id":344,"date":"2019-11-12T22:42:37","date_gmt":"2019-11-12T17:42:37","guid":{"rendered":"http:\/\/otttransport.com\/transport-services\/"},"modified":"2019-12-13T01:27:08","modified_gmt":"2019-12-12T20:27:08","slug":"service-transport","status":"publish","type":"page","link":"https:\/\/otttransport.com\/fr\/service-transport\/","title":{"rendered":"Services"},"content":{"rendered":"<div class=\"wpb-content-wrapper\">[mk_page_section bg_image=\u00a0\u00bbhttp:\/\/otttransport.com\/wp-content\/uploads\/refrigerated-truck-opt.jpg\u00a0\u00bb bg_position=\u00a0\u00bbcenter center\u00a0\u00bb bg_repeat=\u00a0\u00bbno-repeat\u00a0\u00bb bg_stretch=\u00a0\u00bbtrue\u00a0\u00bb video_color_mask=\u00a0\u00bbrgba(0,0,0,0.7)\u00a0\u00bb video_opacity=\u00a0\u00bb0.9&Prime; full_height=\u00a0\u00bbtrue\u00a0\u00bb section_id=\u00a0\u00bb125282219&Prime; sidebar=\u00a0\u00bbsidebar-1&Prime;][vc_column][mk_fancy_title tag_name=\u00a0\u00bbh1&Prime; color=\u00a0\u00bb#ffffff\u00a0\u00bb size=\u00a0\u00bb60&Prime; force_font_size=\u00a0\u00bbtrue\u00a0\u00bb size_tablet=\u00a0\u00bb40&Prime; size_phone=\u00a0\u00bb30&Prime; font_weight=\u00a0\u00bbbold\u00a0\u00bb txt_transform=\u00a0\u00bbuppercase\u00a0\u00bb margin_top=\u00a0\u00bb60&Prime; margin_bottom=\u00a0\u00bb0&Prime; font_family=\u00a0\u00bbMontserrat\u00a0\u00bb font_type=\u00a0\u00bbgoogle\u00a0\u00bb align=\u00a0\u00bbcenter\u00a0\u00bb]<small style=\"display: inline-block; font-size: 30px; line-height: 1.3em; font-weight: normal;\">LA FA\u00c7ON LA PLUS S\u00dbRE ET FIABLE D&rsquo;ACHEMINER VOS MARCHANDISES <\/small><br \/>\nET DE VOUS ASSURER QU&rsquo;ELLES ARRIVERONT \u00c0 TEMPS![\/mk_fancy_title][mk_button dimension=\u00a0\u00bbflat\u00a0\u00bb size=\u00a0\u00bblarge\u00a0\u00bb url=\u00a0\u00bb\/fr\/contactez-nous\/\u00a0\u00bb align=\u00a0\u00bbcenter\u00a0\u00bb margin_right=\u00a0\u00bb0&Prime; visibility=\u00a0\u00bbhidden-sm\u00a0\u00bb bg_color=\u00a0\u00bbrgba(210,35,42,0.9)\u00a0\u00bb btn_hover_bg=\u00a0\u00bb#dd3333&Prime;]Contactez-nous[\/mk_button][\/vc_column][\/mk_page_section][vc_row fullwidth=\u00a0\u00bbtrue\u00a0\u00bb][vc_column][mk_divider style=\u00a0\u00bbthin_solid\u00a0\u00bb thin_single_color=\u00a0\u00bb#1c3f95&Prime; thickness=\u00a0\u00bb10&Prime; margin_top=\u00a0\u00bb0&Prime; margin_bottom=\u00a0\u00bb0&Prime;][\/vc_column][\/vc_row][mk_page_section sidebar=\u00a0\u00bbsidebar-1&Prime;][vc_column][mk_padding_divider size=\u00a0\u00bb140&Prime;][vc_row_inner][vc_column_inner][mk_fancy_title size=\u00a0\u00bb50&Prime; force_font_size=\u00a0\u00bbtrue\u00a0\u00bb size_tablet=\u00a0\u00bb30&Prime; size_phone=\u00a0\u00bb25&Prime; font_weight=\u00a0\u00bb400&Prime; txt_transform=\u00a0\u00bbuppercase\u00a0\u00bb font_family=\u00a0\u00bbMontserrat\u00a0\u00bb font_type=\u00a0\u00bbgoogle\u00a0\u00bb align=\u00a0\u00bbcenter\u00a0\u00bb]ENSEMBLE, AMENONS VOTRE ENTREPRISE PLUS LOIN<br \/>\n[\/mk_fancy_title][vc_column_text css=\u00a0\u00bb.vc_custom_1576178516324{margin-bottom: 0px !important;}\u00a0\u00bb]Le transport importe. Beaucoup. Vous voulez donc une entreprise de transport routier sur laquelle vous pouvez vous fier afin de pouvoir vous concentrer sur les aspects de la croissance de votre entreprise que seuls vous pouvez g\u00e9rer.<\/p>\n<p>Nous sommes des passionn\u00e9s du transport. Et un peu obs\u00e9d\u00e9s par le fait de bien faire les choses. Vous trouverez ci-dessous les services que nous offrons et l&rsquo;\u00e9quipement que nous utilisons. Si vous ne savez pas quelle est la meilleure option pour le transport de votre cargaison, veuillez nous contacter: nous sommes l\u00e0 pour \u00e7a. Aucune obligation de votre part.[\/vc_column_text][mk_padding_divider][\/vc_column_inner][\/vc_row_inner][vc_row_inner][vc_column_inner width=\u00a0\u00bb1\/2&Prime;][mk_divider style=\u00a0\u00bbthin_solid\u00a0\u00bb thin_single_color=\u00a0\u00bb#1c3f95&Prime; thickness=\u00a0\u00bb5&Prime; margin_top=\u00a0\u00bb0&Prime; margin_bottom=\u00a0\u00bb0&Prime;][mk_padding_divider size=\u00a0\u00bb30&Prime;][vc_column_text css=\u00a0\u00bb.vc_custom_1576178535148{margin-bottom: 0px !important;}\u00a0\u00bb]\n<h3>Local ou longue distance<\/h3>\n<p>Peu importe la distance \u00e0 parcourir, nous assurons le transport routier partout au Canada et aux \u00c9tats-Unis. Toujours \u00e0 temps. Toujours en bon \u00e9tat.<br \/>\n[\/vc_column_text][mk_padding_divider size=\u00a0\u00bb30&Prime;][\/vc_column_inner][vc_column_inner width=\u00a0\u00bb1\/2&Prime;][mk_divider style=\u00a0\u00bbthin_solid\u00a0\u00bb thin_single_color=\u00a0\u00bb#1c3f95&Prime; thickness=\u00a0\u00bb5&Prime; margin_top=\u00a0\u00bb0&Prime; margin_bottom=\u00a0\u00bb0&Prime;][mk_padding_divider size=\u00a0\u00bb30&Prime;][vc_column_text css=\u00a0\u00bb.vc_custom_1576178553764{margin-bottom: 0px !important;}\u00a0\u00bb]\n<h3>Chargement complet ou partiel (L.T.L.)<\/h3>\n<p>Il se peut que vous n&rsquo;ayez pas toujours besoin d&rsquo;un chargement de camion complet ou que votre marchandise exige des soins particuliers lors de son transport. Quelle que soit votre situation, nous avons le personnel, le savoir-faire, l&rsquo;\u00e9quipement et les processus en place pour livrer vos produits \u00e0 temps et en bonne condition.<br \/>\n[\/vc_column_text][mk_padding_divider size=\u00a0\u00bb30&Prime;][\/vc_column_inner][\/vc_row_inner][vc_row_inner][vc_column_inner width=\u00a0\u00bb1\/2&Prime;][mk_divider style=\u00a0\u00bbthin_solid\u00a0\u00bb thin_single_color=\u00a0\u00bb#1c3f95&Prime; thickness=\u00a0\u00bb5&Prime; margin_top=\u00a0\u00bb0&Prime; margin_bottom=\u00a0\u00bb0&Prime;][mk_padding_divider size=\u00a0\u00bb30&Prime;][vc_column_text css=\u00a0\u00bb.vc_custom_1576178569670{margin-bottom: 0px !important;}\u00a0\u00bb]\n<h3>Rapidit\u00e9<\/h3>\n<p>Que vous ayez \u00e0 faire face \u00e0 une urgence, \u00e0 un march\u00e9 concurrentiel ou \u00e0 un client exigeant, il vous faut parfois acc\u00e9l\u00e9rer les choses. Nous sommes en mesure de r\u00e9pondre \u00e0 ces besoins acc\u00e9l\u00e9r\u00e9s, et nous le ferons avec une attitude courtoise et le m\u00eame professionnalisme auquel nos clients ont toujours droit.<br \/>\n[\/vc_column_text][mk_padding_divider size=\u00a0\u00bb30&Prime;][\/vc_column_inner][vc_column_inner width=\u00a0\u00bb1\/2&Prime;][mk_divider style=\u00a0\u00bbthin_solid\u00a0\u00bb thin_single_color=\u00a0\u00bb#1c3f95&Prime; thickness=\u00a0\u00bb5&Prime; margin_top=\u00a0\u00bb0&Prime; margin_bottom=\u00a0\u00bb0&Prime;][mk_padding_divider size=\u00a0\u00bb30&Prime;][vc_column_text css=\u00a0\u00bb.vc_custom_1576178587699{margin-bottom: 0px !important;}\u00a0\u00bb]\n<h3>R\u00e9frig\u00e9r\u00e9: pour la sant\u00e9 et l\u2019hygi\u00e8ne<\/h3>\n<p>Lorsqu\u2019on transporte des aliments ou des m\u00e9dicaments, la qualit\u00e9 de notre travail aura un impact sur des vies. Les industries alimentaires et pharmaceutiques ont des normes strictes et exigeantes. Nous sommes enti\u00e8rement \u00e9quip\u00e9s pour g\u00e9rer ces cargaisons importantes.[\/vc_column_text][mk_padding_divider size=\u00a0\u00bb30&Prime;][\/vc_column_inner][\/vc_row_inner][vc_row_inner][vc_column_inner width=\u00a0\u00bb1\/2&Prime;][mk_divider style=\u00a0\u00bbthin_solid\u00a0\u00bb thin_single_color=\u00a0\u00bb#1c3f95&Prime; thickness=\u00a0\u00bb5&Prime; margin_top=\u00a0\u00bb0&Prime; margin_bottom=\u00a0\u00bb0&Prime;][mk_padding_divider size=\u00a0\u00bb30&Prime;][vc_column_text css=\u00a0\u00bb.vc_custom_1576178604218{margin-bottom: 0px !important;}\u00a0\u00bb]\n<h3>Mati\u00e8res dangereuses<\/h3>\n<p>D\u00e9placer des mati\u00e8res dangereuses est un travail s\u00e9rieux qui n\u00e9cessite de la prudence. Si vous travaillez dans un domaine o\u00f9 le transport de certains mat\u00e9riaux est stressant pour votre \u00e9quipe, nous pouvons intervenir et vous aider \u00e0 livrer en toute s\u00e9curit\u00e9.[\/vc_column_text][\/vc_column_inner][vc_column_inner width=\u00a0\u00bb1\/2&Prime;][mk_divider style=\u00a0\u00bbthin_solid\u00a0\u00bb thin_single_color=\u00a0\u00bb#1c3f95&Prime; thickness=\u00a0\u00bb5&Prime; margin_top=\u00a0\u00bb0&Prime; margin_bottom=\u00a0\u00bb0&Prime;][mk_padding_divider size=\u00a0\u00bb30&Prime;][vc_column_text css=\u00a0\u00bb.vc_custom_1576182425603{margin-bottom: 0px !important;}\u00a0\u00bb]\n<h3>Nous transportons tous types de cargaisons<\/h3>\n<p>Mat\u00e9riel d&rsquo;exposition, fruits et l\u00e9gumes frais et surgel\u00e9s, volaille fra\u00eeche et surgel\u00e9e, boissons, mat\u00e9riel m\u00e9dical, produits pharmaceutiques, cuivre, papier, fret \u00e0 temp\u00e9rature contr\u00f4l\u00e9e\u2026[\/vc_column_text][\/vc_column_inner][\/vc_row_inner][mk_padding_divider size=\u00a0\u00bb60&Prime;][\/vc_column][\/mk_page_section][vc_row fullwidth=\u00a0\u00bbtrue\u00a0\u00bb][vc_column][mk_divider style=\u00a0\u00bbthin_solid\u00a0\u00bb thin_single_color=\u00a0\u00bb#cbe2f6&Prime; thickness=\u00a0\u00bb10&Prime; margin_top=\u00a0\u00bb0&Prime; margin_bottom=\u00a0\u00bb0&Prime;][\/vc_column][\/vc_row][mk_page_section layout_structure=\u00a0\u00bbhalf_right\u00a0\u00bb bg_image=\u00a0\u00bbhttp:\/\/otttransport.com\/wp-content\/uploads\/dry-vans-opt.jpg\u00a0\u00bb bg_color=\u00a0\u00bb#1c3f95&Prime;][vc_column][mk_padding_divider size=\u00a0\u00bb140&Prime;][mk_fancy_title color=\u00a0\u00bb#ffffff\u00a0\u00bb size=\u00a0\u00bb50&Prime; force_font_size=\u00a0\u00bbtrue\u00a0\u00bb size_tablet=\u00a0\u00bb30&Prime; size_phone=\u00a0\u00bb25&Prime; font_weight=\u00a0\u00bb400&Prime; txt_transform=\u00a0\u00bbuppercase\u00a0\u00bb font_family=\u00a0\u00bbMontserrat\u00a0\u00bb font_type=\u00a0\u00bbgoogle\u00a0\u00bb align=\u00a0\u00bbcenter\u00a0\u00bb]Notre \u00e9quipement<br \/>\n[\/mk_fancy_title][vc_row_inner][vc_column_inner width=\u00a0\u00bb1\/4&Prime;][\/vc_column_inner][vc_column_inner width=\u00a0\u00bb1\/2&Prime;][mk_custom_list]\n<ul>\n<li><span style=\"color: #ffffff;\">Remorques ventil\u00e9es<\/span><\/li>\n<li><span style=\"color: #ffffff;\">Citernes<\/span><\/li>\n<li><span style=\"color: #ffffff;\">Containers<\/span><\/li>\n<li><span style=\"color: #ffffff;\">Unit\u00e9s r\u00e9frig\u00e9r\u00e9es (Reefers)<\/span><\/li>\n<li><span style=\"color: #ffffff;\">Remorques d&rsquo;aliments frais<\/span><\/li>\n<li><span style=\"color: #ffffff;\">Fourgons chauff\u00e9s<\/span><\/li>\n<li><span style=\"color: #ffffff;\">Fourgons secs<\/span><\/li>\n<\/ul>\n[\/mk_custom_list][\/vc_column_inner][vc_column_inner width=\u00a0\u00bb1\/4&Prime;][\/vc_column_inner][\/vc_row_inner][mk_padding_divider size=\u00a0\u00bb60&Prime;][\/vc_column][\/mk_page_section][vc_row fullwidth=\u00a0\u00bbtrue\u00a0\u00bb][vc_column][mk_divider style=\u00a0\u00bbthin_solid\u00a0\u00bb thin_single_color=\u00a0\u00bb#cbe2f6&Prime; thickness=\u00a0\u00bb10&Prime; margin_top=\u00a0\u00bb0&Prime; margin_bottom=\u00a0\u00bb0&Prime;][\/vc_column][\/vc_row][mk_page_section bg_image=\u00a0\u00bbhttp:\/\/otttransport.com\/wp-content\/uploads\/background_flags-opt.jpg\u00a0\u00bb bg_position=\u00a0\u00bbcenter center\u00a0\u00bb bg_repeat=\u00a0\u00bbno-repeat\u00a0\u00bb bg_stretch=\u00a0\u00bbtrue\u00a0\u00bb enable_3d=\u00a0\u00bbtrue\u00a0\u00bb sidebar=\u00a0\u00bbsidebar-1&Prime;][vc_column][mk_padding_divider size=\u00a0\u00bb140&Prime;][mk_fancy_title size=\u00a0\u00bb50&Prime; force_font_size=\u00a0\u00bbtrue\u00a0\u00bb size_tablet=\u00a0\u00bb30&Prime; size_phone=\u00a0\u00bb25&Prime; font_weight=\u00a0\u00bb400&Prime; txt_transform=\u00a0\u00bbuppercase\u00a0\u00bb font_family=\u00a0\u00bbMontserrat\u00a0\u00bb font_type=\u00a0\u00bbgoogle\u00a0\u00bb align=\u00a0\u00bbcenter\u00a0\u00bb]CONSEILS AVIS\u00c9S ET SERVICE COURTOIS \u00c0 CHAQUE \u00c9TAPE[\/mk_fancy_title][vc_row_inner][vc_column_inner width=\u00a0\u00bb1\/2&Prime;][mk_custom_list]\n<ul>\n<li><strong>D\u00c9FINIR VOS BESOINS<\/strong><br \/>\nDemandez des conseils et des recommandations g\u00e9n\u00e9rales sur ce qui conviendrait le mieux aux besoins de votre entreprise.<\/li>\n<\/ul>\n[\/mk_custom_list][\/vc_column_inner][vc_column_inner width=\u00a0\u00bb1\/2&Prime;][mk_custom_list]\n<ul>\n<li><strong>OBTENIR UN DEVIS<\/strong><br \/>\nNous vous indiquerons en d\u00e9tail le service offert, les tarifs auxquels vous pouvez vous attendre et la fa\u00e7on nous assurer que votre marchandise arrive \u00e0 temps et en bonne condition.<\/li>\n<\/ul>\n[\/mk_custom_list][\/vc_column_inner][\/vc_row_inner][vc_row_inner][vc_column_inner width=\u00a0\u00bb1\/2&Prime;][mk_custom_list]\n<ul>\n<li><strong>PENDANT LE TRANSPORT<\/strong><br \/>\nToutes les commandes d\u00e9taill\u00e9es sont entr\u00e9es dans notre base de donn\u00e9es et suivies \u00e9troitement \u00e0 tout moment.<\/li>\n<\/ul>\n[\/mk_custom_list][\/vc_column_inner][vc_column_inner width=\u00a0\u00bb1\/2&Prime;][mk_custom_list]\n<ul>\n<li><strong>DOUANES \/ TRA\u00c7ABILIT\u00c9<\/strong><br \/>\nles membres de notre \u00e9quipe r\u00e9pondent aux exigences douani\u00e8res et assurent la tra\u00e7abilit\u00e9 \u00e0 tout moment<\/li>\n<\/ul>\n[\/mk_custom_list][\/vc_column_inner][\/vc_row_inner][mk_padding_divider size=\u00a0\u00bb60&Prime;][\/vc_column][\/mk_page_section][vc_row fullwidth=\u00a0\u00bbtrue\u00a0\u00bb][vc_column][mk_divider style=\u00a0\u00bbthin_solid\u00a0\u00bb thin_single_color=\u00a0\u00bb#1c3f95&Prime; thickness=\u00a0\u00bb10&Prime; margin_top=\u00a0\u00bb0&Prime; margin_bottom=\u00a0\u00bb0&Prime;][\/vc_column][\/vc_row][vc_row fullwidth=\u00a0\u00bbtrue\u00a0\u00bb attached=\u00a0\u00bbtrue\u00a0\u00bb el_class=\u00a0\u00bbbjm-image-bg-link\u00a0\u00bb][vc_column width=\u00a0\u00bb1\/2&Prime;][mk_custom_box padding_vertical=\u00a0\u00bb400&Prime; margin_bottom=\u00a0\u00bb0&Prime; min_height=\u00a0\u00bb900&Prime; animation=\u00a0\u00bbfade-in\u00a0\u00bb bg_image=\u00a0\u00bbhttp:\/\/otttransport.com\/wp-content\/uploads\/transportation-warehouse.jpg\u00a0\u00bb background_hov_color_style=\u00a0\u00bbimage\u00a0\u00bb bg_image_hov_effect=\u00a0\u00bbzoom-in\u00a0\u00bb bg_stretch=\u00a0\u00bbtrue\u00a0\u00bb][\/mk_custom_box][\/vc_column][vc_column width=\u00a0\u00bb1\/2&Prime;][mk_custom_box padding_vertical=\u00a0\u00bb225&Prime; margin_bottom=\u00a0\u00bb0&Prime; min_height=\u00a0\u00bb450&Prime; animation=\u00a0\u00bbfade-in\u00a0\u00bb bg_image=\u00a0\u00bbhttp:\/\/otttransport.com\/wp-content\/uploads\/truck.jpg\u00a0\u00bb background_hov_color_style=\u00a0\u00bbimage\u00a0\u00bb bg_image_hov_effect=\u00a0\u00bbzoom-in\u00a0\u00bb bg_stretch=\u00a0\u00bbtrue\u00a0\u00bb][\/mk_custom_box][mk_custom_box padding_vertical=\u00a0\u00bb225&Prime; margin_bottom=\u00a0\u00bb0&Prime; min_height=\u00a0\u00bb450&Prime; animation=\u00a0\u00bbfade-in\u00a0\u00bb bg_image=\u00a0\u00bbhttp:\/\/otttransport.com\/wp-content\/uploads\/plane-food-transportation.jpg\u00a0\u00bb background_hov_color_style=\u00a0\u00bbimage\u00a0\u00bb bg_image_hov_effect=\u00a0\u00bbzoom-in\u00a0\u00bb bg_stretch=\u00a0\u00bbtrue\u00a0\u00bb][\/mk_custom_box][\/vc_column][\/vc_row][vc_row fullwidth=\u00a0\u00bbtrue\u00a0\u00bb][vc_column][mk_divider style=\u00a0\u00bbthin_solid\u00a0\u00bb thin_single_color=\u00a0\u00bb#cbe2f6&Prime; thickness=\u00a0\u00bb10&Prime; margin_top=\u00a0\u00bb0&Prime; margin_bottom=\u00a0\u00bb0&Prime;][\/vc_column][\/vc_row][mk_page_section bg_color=\u00a0\u00bb#1c3f95&Prime; sidebar=\u00a0\u00bbsidebar-1&Prime;][vc_column][mk_padding_divider size=\u00a0\u00bb170&Prime;][vc_row_inner][vc_column_inner width=\u00a0\u00bb1\/12&Prime;][\/vc_column_inner][vc_column_inner width=\u00a0\u00bb10\/12&Prime;][mk_fancy_title tag_name=\u00a0\u00bbh3&Prime; color=\u00a0\u00bb#ffffff\u00a0\u00bb size=\u00a0\u00bb50&Prime; force_font_size=\u00a0\u00bbtrue\u00a0\u00bb size_tablet=\u00a0\u00bb35&Prime; size_phone=\u00a0\u00bb25&Prime; font_weight=\u00a0\u00bb400&Prime; txt_transform=\u00a0\u00bbuppercase\u00a0\u00bb font_family=\u00a0\u00bbMontserrat\u00a0\u00bb font_type=\u00a0\u00bbgoogle\u00a0\u00bb align=\u00a0\u00bbcenter\u00a0\u00bb]Pr\u00eats \u00e0 aller de l\u2019avant?<br \/>\n<small style=\"font-size: 50%; margin-top: 30px; display: inline-block; line-height: 1.2em;\">Contactez-nous d\u00e8s aujourd\u2019hui et obtenez un devis d\u00e9taill\u00e9. Au plaisir de livrer votre marchandise. Toujours \u00e0 temps. Toujours en bonne condition.<\/small>[\/mk_fancy_title][\/vc_column_inner][vc_column_inner width=\u00a0\u00bb1\/12&Prime;][\/vc_column_inner][\/vc_row_inner][mk_button dimension=\u00a0\u00bbflat\u00a0\u00bb size=\u00a0\u00bblarge\u00a0\u00bb url=\u00a0\u00bb\/fr\/contactez-nous\/\u00a0\u00bb align=\u00a0\u00bbcenter\u00a0\u00bb margin_right=\u00a0\u00bb0&Prime; animation=\u00a0\u00bbscale-up\u00a0\u00bb bg_color=\u00a0\u00bbrgba(210,35,42,0.9)\u00a0\u00bb btn_hover_bg=\u00a0\u00bb#dd3333&Prime;] Obtenir une soumission<br \/>\n[\/mk_button][mk_padding_divider size=\u00a0\u00bb140&Prime;][\/vc_column][\/mk_page_section]\n<\/div>","protected":false},"excerpt":{"rendered":"<p>[mk_page_section bg_image=\u00a0\u00bbhttp:\/\/otttransport.com\/wp-content\/uploads\/refrigerated-truck-opt.jpg\u00a0\u00bb bg_position=\u00a0\u00bbcenter center\u00a0\u00bb bg_repeat=\u00a0\u00bbno-repeat\u00a0\u00bb bg_stretch=\u00a0\u00bbtrue\u00a0\u00bb video_color_mask=\u00a0\u00bbrgba(0,0,0,0.7)\u00a0\u00bb video_opacity=\u00a0\u00bb0.9&Prime; full_height=\u00a0\u00bbtrue\u00a0\u00bb section_id=\u00a0\u00bb125282219&Prime; sidebar=\u00a0\u00bbsidebar-1&Prime;][vc_column][mk_fancy_title tag_name=\u00a0\u00bbh1&Prime; color=\u00a0\u00bb#ffffff\u00a0\u00bb size=\u00a0\u00bb60&Prime; force_font_size=\u00a0\u00bbtrue\u00a0\u00bb size_tablet=\u00a0\u00bb40&Prime; size_phone=\u00a0\u00bb30&Prime; font_weight=\u00a0\u00bbbold\u00a0\u00bb txt_transform=\u00a0\u00bbuppercase\u00a0\u00bb margin_top=\u00a0\u00bb60&Prime; margin_bottom=\u00a0\u00bb0&Prime; font_family=\u00a0\u00bbMontserrat\u00a0\u00bb font_type=\u00a0\u00bbgoogle\u00a0\u00bb align=\u00a0\u00bbcenter\u00a0\u00bb]LA FA\u00c7ON LA PLUS S\u00dbRE ET FIABLE D&rsquo;ACHEMINER VOS MARCHANDISES ET DE VOUS ASSURER QU&rsquo;ELLES ARRIVERONT \u00c0 TEMPS![\/mk_fancy_title][mk_button dimension=\u00a0\u00bbflat\u00a0\u00bb size=\u00a0\u00bblarge\u00a0\u00bb url=\u00a0\u00bb\/fr\/contactez-nous\/\u00a0\u00bb align=\u00a0\u00bbcenter\u00a0\u00bb margin_right=\u00a0\u00bb0&Prime; visibility=\u00a0\u00bbhidden-sm\u00a0\u00bb bg_color=\u00a0\u00bbrgba(210,35,42,0.9)\u00a0\u00bb btn_hover_bg=\u00a0\u00bb#dd3333&Prime;]Contactez-nous[\/mk_button][\/vc_column][\/mk_page_section][vc_row fullwidth=\u00a0\u00bbtrue\u00a0\u00bb][vc_column][mk_divider style=\u00a0\u00bbthin_solid\u00a0\u00bb thin_single_color=\u00a0\u00bb#1c3f95&Prime; thickness=\u00a0\u00bb10&Prime; margin_top=\u00a0\u00bb0&Prime; margin_bottom=\u00a0\u00bb0&Prime;][\/vc_column][\/vc_row][mk_page_section [&hellip;]<\/p>\n","protected":false},"author":2,"featured_media":0,"parent":0,"menu_order":0,"comment_status":"closed","ping_status":"closed","template":"","meta":{"footnotes":""},"class_list":["post-344","page","type-page","status-publish","hentry"],"yoast_head":"<!-- This site is optimized with the Yoast SEO plugin v27.3 - https:\/\/yoast.com\/product\/yoast-seo-wordpress\/ -->\n<title>Transport Routier pour Tous Types d\u2019Entreprises | OTT Transport<\/title>\n<meta name=\"description\" content=\"OTT Transport achemine de mani\u00e8re fiable les denr\u00e9es alimentaires, produits pharmaceutiques, mati\u00e8res dangereuses et plus. D\u00e9couvrez tous nos services.\" \/>\n<meta name=\"robots\" content=\"index, follow, max-snippet:-1, max-image-preview:large, max-video-preview:-1\" \/>\n<link rel=\"canonical\" href=\"https:\/\/otttransport.com\/fr\/service-transport\/\" \/>\n<meta property=\"og:locale\" content=\"fr_CA\" \/>\n<meta property=\"og:type\" content=\"article\" \/>\n<meta property=\"og:title\" content=\"Transport Routier pour Tous Types d\u2019Entreprises | OTT Transport\" \/>\n<meta property=\"og:description\" content=\"OTT Transport achemine de mani\u00e8re fiable les denr\u00e9es alimentaires, produits pharmaceutiques, mati\u00e8res dangereuses et plus. D\u00e9couvrez tous nos services.\" \/>\n<meta property=\"og:url\" content=\"https:\/\/otttransport.com\/fr\/service-transport\/\" \/>\n<meta property=\"og:site_name\" content=\"On Time Transport\" \/>\n<meta property=\"article:modified_time\" content=\"2019-12-12T20:27:08+00:00\" \/>\n<meta name=\"twitter:card\" content=\"summary_large_image\" \/>\n<meta name=\"twitter:label1\" content=\"Estimation du temps de lecture\" \/>\n\t<meta name=\"twitter:data1\" content=\"8 minutes\" \/>\n<script type=\"application\/ld+json\" class=\"yoast-schema-graph\">{\"@context\":\"https:\\\/\\\/schema.org\",\"@graph\":[{\"@type\":\"WebPage\",\"@id\":\"https:\\\/\\\/otttransport.com\\\/fr\\\/service-transport\\\/\",\"url\":\"https:\\\/\\\/otttransport.com\\\/fr\\\/service-transport\\\/\",\"name\":\"Transport Routier pour Tous Types d\u2019Entreprises | OTT Transport\",\"isPartOf\":{\"@id\":\"https:\\\/\\\/otttransport.com\\\/#website\"},\"datePublished\":\"2019-11-12T17:42:37+00:00\",\"dateModified\":\"2019-12-12T20:27:08+00:00\",\"description\":\"OTT Transport achemine de mani\u00e8re fiable les denr\u00e9es alimentaires, produits pharmaceutiques, mati\u00e8res dangereuses et plus. D\u00e9couvrez tous nos services.\",\"breadcrumb\":{\"@id\":\"https:\\\/\\\/otttransport.com\\\/fr\\\/service-transport\\\/#breadcrumb\"},\"inLanguage\":\"fr-CA\",\"potentialAction\":[{\"@type\":\"ReadAction\",\"target\":[\"https:\\\/\\\/otttransport.com\\\/fr\\\/service-transport\\\/\"]}]},{\"@type\":\"BreadcrumbList\",\"@id\":\"https:\\\/\\\/otttransport.com\\\/fr\\\/service-transport\\\/#breadcrumb\",\"itemListElement\":[{\"@type\":\"ListItem\",\"position\":1,\"name\":\"Home\",\"item\":\"https:\\\/\\\/otttransport.com\\\/fr\\\/\"},{\"@type\":\"ListItem\",\"position\":2,\"name\":\"Services\"}]},{\"@type\":\"WebSite\",\"@id\":\"https:\\\/\\\/otttransport.com\\\/#website\",\"url\":\"https:\\\/\\\/otttransport.com\\\/\",\"name\":\"On Time Transport\",\"description\":\"Jupiter 6\",\"potentialAction\":[{\"@type\":\"SearchAction\",\"target\":{\"@type\":\"EntryPoint\",\"urlTemplate\":\"https:\\\/\\\/otttransport.com\\\/?s={search_term_string}\"},\"query-input\":{\"@type\":\"PropertyValueSpecification\",\"valueRequired\":true,\"valueName\":\"search_term_string\"}}],\"inLanguage\":\"fr-CA\"}]}<\/script>\n<!-- \/ Yoast SEO plugin. -->","yoast_head_json":{"title":"Transport Routier pour Tous Types d\u2019Entreprises | OTT Transport","description":"OTT Transport achemine de mani\u00e8re fiable les denr\u00e9es alimentaires, produits pharmaceutiques, mati\u00e8res dangereuses et plus. D\u00e9couvrez tous nos services.","robots":{"index":"index","follow":"follow","max-snippet":"max-snippet:-1","max-image-preview":"max-image-preview:large","max-video-preview":"max-video-preview:-1"},"canonical":"https:\/\/otttransport.com\/fr\/service-transport\/","og_locale":"fr_CA","og_type":"article","og_title":"Transport Routier pour Tous Types d\u2019Entreprises | OTT Transport","og_description":"OTT Transport achemine de mani\u00e8re fiable les denr\u00e9es alimentaires, produits pharmaceutiques, mati\u00e8res dangereuses et plus. D\u00e9couvrez tous nos services.","og_url":"https:\/\/otttransport.com\/fr\/service-transport\/","og_site_name":"On Time Transport","article_modified_time":"2019-12-12T20:27:08+00:00","twitter_card":"summary_large_image","twitter_misc":{"Estimation du temps de lecture":"8 minutes"},"schema":{"@context":"https:\/\/schema.org","@graph":[{"@type":"WebPage","@id":"https:\/\/otttransport.com\/fr\/service-transport\/","url":"https:\/\/otttransport.com\/fr\/service-transport\/","name":"Transport Routier pour Tous Types d\u2019Entreprises | OTT Transport","isPartOf":{"@id":"https:\/\/otttransport.com\/#website"},"datePublished":"2019-11-12T17:42:37+00:00","dateModified":"2019-12-12T20:27:08+00:00","description":"OTT Transport achemine de mani\u00e8re fiable les denr\u00e9es alimentaires, produits pharmaceutiques, mati\u00e8res dangereuses et plus. D\u00e9couvrez tous nos services.","breadcrumb":{"@id":"https:\/\/otttransport.com\/fr\/service-transport\/#breadcrumb"},"inLanguage":"fr-CA","potentialAction":[{"@type":"ReadAction","target":["https:\/\/otttransport.com\/fr\/service-transport\/"]}]},{"@type":"BreadcrumbList","@id":"https:\/\/otttransport.com\/fr\/service-transport\/#breadcrumb","itemListElement":[{"@type":"ListItem","position":1,"name":"Home","item":"https:\/\/otttransport.com\/fr\/"},{"@type":"ListItem","position":2,"name":"Services"}]},{"@type":"WebSite","@id":"https:\/\/otttransport.com\/#website","url":"https:\/\/otttransport.com\/","name":"On Time Transport","description":"Jupiter 6","potentialAction":[{"@type":"SearchAction","target":{"@type":"EntryPoint","urlTemplate":"https:\/\/otttransport.com\/?s={search_term_string}"},"query-input":{"@type":"PropertyValueSpecification","valueRequired":true,"valueName":"search_term_string"}}],"inLanguage":"fr-CA"}]}},"_links":{"self":[{"href":"https:\/\/otttransport.com\/fr\/wp-json\/wp\/v2\/pages\/344","targetHints":{"allow":["GET"]}}],"collection":[{"href":"https:\/\/otttransport.com\/fr\/wp-json\/wp\/v2\/pages"}],"about":[{"href":"https:\/\/otttransport.com\/fr\/wp-json\/wp\/v2\/types\/page"}],"author":[{"embeddable":true,"href":"https:\/\/otttransport.com\/fr\/wp-json\/wp\/v2\/users\/2"}],"replies":[{"embeddable":true,"href":"https:\/\/otttransport.com\/fr\/wp-json\/wp\/v2\/comments?post=344"}],"version-history":[{"count":3,"href":"https:\/\/otttransport.com\/fr\/wp-json\/wp\/v2\/pages\/344\/revisions"}],"predecessor-version":[{"id":350,"href":"https:\/\/otttransport.com\/fr\/wp-json\/wp\/v2\/pages\/344\/revisions\/350"}],"wp:attachment":[{"href":"https:\/\/otttransport.com\/fr\/wp-json\/wp\/v2\/media?parent=344"}],"curies":[{"name":"wp","href":"https:\/\/api.w.org\/{rel}","templated":true}]}}