{"id":347,"date":"2019-11-12T23:33:43","date_gmt":"2019-11-12T18:33:43","guid":{"rendered":"http:\/\/otttransport.com\/careers\/"},"modified":"2020-01-06T21:05:58","modified_gmt":"2020-01-06T16:05:58","slug":"carrieres","status":"publish","type":"page","link":"https:\/\/otttransport.com\/fr\/carrieres\/","title":{"rendered":"Carri\u00e8res"},"content":{"rendered":"<div class=\"wpb-content-wrapper\">[mk_page_section bg_image=\u00a0\u00bbhttp:\/\/otttransport.com\/wp-content\/uploads\/ott-truck-opt.jpg\u00a0\u00bb bg_position=\u00a0\u00bbright center\u00a0\u00bb bg_repeat=\u00a0\u00bbno-repeat\u00a0\u00bb bg_stretch=\u00a0\u00bbtrue\u00a0\u00bb video_color_mask=\u00a0\u00bbrgba(0,0,0,0.7)\u00a0\u00bb video_opacity=\u00a0\u00bb0.9&Prime; full_height=\u00a0\u00bbtrue\u00a0\u00bb section_id=\u00a0\u00bb125282219&Prime; sidebar=\u00a0\u00bbsidebar-1&Prime;][vc_column][mk_fancy_title tag_name=\u00a0\u00bbh1&Prime; color=\u00a0\u00bb#ffffff\u00a0\u00bb size=\u00a0\u00bb60&Prime; force_font_size=\u00a0\u00bbtrue\u00a0\u00bb size_tablet=\u00a0\u00bb40&Prime; size_phone=\u00a0\u00bb30&Prime; font_weight=\u00a0\u00bbbold\u00a0\u00bb txt_transform=\u00a0\u00bbuppercase\u00a0\u00bb margin_top=\u00a0\u00bb60&Prime; margin_bottom=\u00a0\u00bb0&Prime; font_family=\u00a0\u00bbMontserrat\u00a0\u00bb font_type=\u00a0\u00bbgoogle\u00a0\u00bb align=\u00a0\u00bbcenter\u00a0\u00bb]<small style=\"display: inline-block; font-size: 30px; line-height: 1.3em; font-weight: normal;\">UNE ENTREPRISE DE TRANSPORT QUI LIVRE <\/small><br \/>\nCE QUE VOUS ATTENDEZ D&rsquo;UN EMPLOYEUR[\/mk_fancy_title][mk_button dimension=\u00a0\u00bbflat\u00a0\u00bb size=\u00a0\u00bblarge\u00a0\u00bb url=\u00a0\u00bb\/fr\/contactez-nous\/\u00a0\u00bb align=\u00a0\u00bbcenter\u00a0\u00bb margin_right=\u00a0\u00bb0&Prime; visibility=\u00a0\u00bbhidden-sm\u00a0\u00bb bg_color=\u00a0\u00bbrgba(210,35,42,0.9)\u00a0\u00bb btn_hover_bg=\u00a0\u00bb#dd3333&Prime;]Contactez-nous[\/mk_button][\/vc_column][\/mk_page_section][vc_row fullwidth=\u00a0\u00bbtrue\u00a0\u00bb][vc_column][mk_divider style=\u00a0\u00bbthin_solid\u00a0\u00bb thin_single_color=\u00a0\u00bb#1c3f95&Prime; thickness=\u00a0\u00bb10&Prime; margin_top=\u00a0\u00bb0&Prime; margin_bottom=\u00a0\u00bb0&Prime;][\/vc_column][\/vc_row][mk_page_section sidebar=\u00a0\u00bbsidebar-1&Prime;][vc_column][mk_padding_divider size=\u00a0\u00bb60&Prime;][vc_row_inner][vc_column_inner][vc_column_text css=\u00a0\u00bb.vc_custom_1576180288986{margin-bottom: 0px !important;}\u00a0\u00bb]Nous pouvons compter sur des travailleurs engag\u00e9s, qualifi\u00e9s et qui forment une v\u00e9ritable \u00e9quipe. Tu crois que tu aimerais en faire partie?<\/p>\n<p>OTT Transport est toujours \u00e0 la recherche de nouveaux membres pour se joindre \u00e0 cette \u00e9quipe<\/p>\n<p>Si tu es un chauffeur qui d\u00e9tient la classe 1, nous aimerions te parler et discuter des possibilit\u00e9s d\u2019emploi chez nous! Nous avons des postes pour le transport au Canada seulement ou Canada et \u00c9tats-Unis.<\/p>\n<p>Nouveau dans le domaine? Ce n\u2019est pas un probl\u00e8me! On a tous pass\u00e9 par l\u00e0 un jour. Nous offrons des stages supervis\u00e9s qui pourront t\u2019aider \u00e0 d\u00e9marrer une nouvelle carri\u00e8re enrichissante.<\/p>\n<p>Les coulisses du transport exigent aussi de pouvoir compter sur des gens ayant de solides comp\u00e9tences en mati\u00e8re de coordination et de gestion. Si tu recherches un poste de bureau, il y a certainement de la place pour toi aussi.[\/vc_column_text][\/vc_column_inner][\/vc_row_inner][mk_padding_divider size=\u00a0\u00bb60&Prime;][\/vc_column][\/mk_page_section][vc_row fullwidth=\u00a0\u00bbtrue\u00a0\u00bb][vc_column][mk_divider style=\u00a0\u00bbthin_solid\u00a0\u00bb thin_single_color=\u00a0\u00bb#1c3f95&Prime; thickness=\u00a0\u00bb10&Prime; margin_top=\u00a0\u00bb0&Prime; margin_bottom=\u00a0\u00bb0&Prime;][\/vc_column][\/vc_row][vc_row fullwidth=\u00a0\u00bbtrue\u00a0\u00bb fullwidth_content=\u00a0\u00bbfalse\u00a0\u00bb css=\u00a0\u00bb.vc_custom_1574957763501{padding-top: 90px !important;background-color: #cbe2f6 !important;}\u00a0\u00bb][vc_column width=\u00a0\u00bb1\/4&Prime;][mk_custom_box min_height=\u00a0\u00bb225&Prime; bg_color=\u00a0\u00bb#1c3f95&Prime;][mk_fancy_title tag_name=\u00a0\u00bbh3&Prime; color=\u00a0\u00bb#ffffff\u00a0\u00bb size=\u00a0\u00bb28&Prime; force_font_size=\u00a0\u00bbtrue\u00a0\u00bb size_phone=\u00a0\u00bb20&Prime; font_weight=\u00a0\u00bb600&Prime; font_family=\u00a0\u00bbnone\u00a0\u00bb align=\u00a0\u00bbcenter\u00a0\u00bb]Chauffeur[\/mk_fancy_title][mk_button dimension=\u00a0\u00bbflat\u00a0\u00bb size=\u00a0\u00bbmedium\u00a0\u00bb url=\u00a0\u00bb#Postuler\u00a0\u00bb align=\u00a0\u00bbcenter\u00a0\u00bb margin_right=\u00a0\u00bb0&Prime; bg_color=\u00a0\u00bbrgba(210,35,42,0.9)\u00a0\u00bb btn_hover_bg=\u00a0\u00bb#dd3333&Prime;]Postuler maintenant[\/mk_button][\/mk_custom_box][\/vc_column][vc_column width=\u00a0\u00bb1\/4&Prime;][mk_custom_box min_height=\u00a0\u00bb225&Prime; bg_color=\u00a0\u00bb#1c3f95&Prime;][mk_fancy_title tag_name=\u00a0\u00bbh3&Prime; color=\u00a0\u00bb#ffffff\u00a0\u00bb size=\u00a0\u00bb28&Prime; force_font_size=\u00a0\u00bbtrue\u00a0\u00bb size_phone=\u00a0\u00bb20&Prime; font_weight=\u00a0\u00bb600&Prime; font_family=\u00a0\u00bbnone\u00a0\u00bb align=\u00a0\u00bbcenter\u00a0\u00bb]Exp\u00e9dition[\/mk_fancy_title][mk_button dimension=\u00a0\u00bbflat\u00a0\u00bb size=\u00a0\u00bbmedium\u00a0\u00bb url=\u00a0\u00bb#Postuler\u00a0\u00bb align=\u00a0\u00bbcenter\u00a0\u00bb margin_right=\u00a0\u00bb0&Prime; bg_color=\u00a0\u00bbrgba(210,35,42,0.9)\u00a0\u00bb btn_hover_bg=\u00a0\u00bb#dd3333&Prime;]Postuler maintenant[\/mk_button][\/mk_custom_box][\/vc_column][vc_column width=\u00a0\u00bb1\/4&Prime;][mk_custom_box min_height=\u00a0\u00bb225&Prime; bg_color=\u00a0\u00bb#1c3f95&Prime;][mk_fancy_title tag_name=\u00a0\u00bbh3&Prime; color=\u00a0\u00bb#ffffff\u00a0\u00bb size=\u00a0\u00bb28&Prime; force_font_size=\u00a0\u00bbtrue\u00a0\u00bb size_phone=\u00a0\u00bb20&Prime; font_weight=\u00a0\u00bb600&Prime; font_family=\u00a0\u00bbnone\u00a0\u00bb align=\u00a0\u00bbcenter\u00a0\u00bb]Comptabilit\u00e9[\/mk_fancy_title][mk_button dimension=\u00a0\u00bbflat\u00a0\u00bb size=\u00a0\u00bbmedium\u00a0\u00bb url=\u00a0\u00bb#postuler\u00a0\u00bb align=\u00a0\u00bbcenter\u00a0\u00bb margin_right=\u00a0\u00bb0&Prime; bg_color=\u00a0\u00bbrgba(210,35,42,0.9)\u00a0\u00bb btn_hover_bg=\u00a0\u00bb#dd3333&Prime;]Postuler maintenant[\/mk_button][\/mk_custom_box][\/vc_column][vc_column width=\u00a0\u00bb1\/4&Prime;][mk_custom_box min_height=\u00a0\u00bb225&Prime; bg_color=\u00a0\u00bb#1c3f95&Prime;][mk_fancy_title tag_name=\u00a0\u00bbh3&Prime; color=\u00a0\u00bb#ffffff\u00a0\u00bb size=\u00a0\u00bb28&Prime; force_font_size=\u00a0\u00bbtrue\u00a0\u00bb size_phone=\u00a0\u00bb20&Prime; font_weight=\u00a0\u00bb600&Prime; font_family=\u00a0\u00bbnone\u00a0\u00bb align=\u00a0\u00bbcenter\u00a0\u00bb]S\u00e9curit\u00e9[\/mk_fancy_title][mk_button dimension=\u00a0\u00bbflat\u00a0\u00bb size=\u00a0\u00bbmedium\u00a0\u00bb url=\u00a0\u00bb#postuler\u00a0\u00bb align=\u00a0\u00bbcenter\u00a0\u00bb margin_right=\u00a0\u00bb0&Prime; bg_color=\u00a0\u00bbrgba(210,35,42,0.9)\u00a0\u00bb btn_hover_bg=\u00a0\u00bb#dd3333&Prime;]Postuler maintenant[\/mk_button][\/mk_custom_box][\/vc_column][\/vc_row][vc_row fullwidth=\u00a0\u00bbtrue\u00a0\u00bb fullwidth_content=\u00a0\u00bbfalse\u00a0\u00bb css=\u00a0\u00bb.vc_custom_1574957775830{padding-bottom: 90px !important;background-color: #cbe2f6 !important;}\u00a0\u00bb][vc_column width=\u00a0\u00bb1\/4&Prime;][mk_custom_box min_height=\u00a0\u00bb225&Prime; bg_color=\u00a0\u00bb#1c3f95&Prime;][mk_fancy_title tag_name=\u00a0\u00bbh3&Prime; color=\u00a0\u00bb#ffffff\u00a0\u00bb size=\u00a0\u00bb28&Prime; force_font_size=\u00a0\u00bbtrue\u00a0\u00bb size_phone=\u00a0\u00bb20&Prime; font_weight=\u00a0\u00bb600&Prime; font_family=\u00a0\u00bbnone\u00a0\u00bb align=\u00a0\u00bbcenter\u00a0\u00bb]Sp\u00e9cialiste en logistique[\/mk_fancy_title][mk_button dimension=\u00a0\u00bbflat\u00a0\u00bb size=\u00a0\u00bbmedium\u00a0\u00bb url=\u00a0\u00bb#postuler\u00a0\u00bb align=\u00a0\u00bbcenter\u00a0\u00bb margin_right=\u00a0\u00bb0&Prime; bg_color=\u00a0\u00bbrgba(210,35,42,0.9)\u00a0\u00bb btn_hover_bg=\u00a0\u00bb#dd3333&Prime;]Postuler maintenant[\/mk_button][\/mk_custom_box][\/vc_column][vc_column width=\u00a0\u00bb1\/4&Prime;][mk_custom_box min_height=\u00a0\u00bb225&Prime; bg_color=\u00a0\u00bb#1c3f95&Prime;][mk_fancy_title tag_name=\u00a0\u00bbh3&Prime; color=\u00a0\u00bb#ffffff\u00a0\u00bb size=\u00a0\u00bb28&Prime; force_font_size=\u00a0\u00bbtrue\u00a0\u00bb size_phone=\u00a0\u00bb20&Prime; font_weight=\u00a0\u00bb600&Prime; font_family=\u00a0\u00bbnone\u00a0\u00bb align=\u00a0\u00bbcenter\u00a0\u00bb]Commis de bureau[\/mk_fancy_title][mk_button dimension=\u00a0\u00bbflat\u00a0\u00bb size=\u00a0\u00bbmedium\u00a0\u00bb url=\u00a0\u00bb#postuler\u00a0\u00bb align=\u00a0\u00bbcenter\u00a0\u00bb margin_right=\u00a0\u00bb0&Prime; bg_color=\u00a0\u00bbrgba(210,35,42,0.9)\u00a0\u00bb btn_hover_bg=\u00a0\u00bb#dd3333&Prime;]Postuler maintenant[\/mk_button][\/mk_custom_box][\/vc_column][vc_column width=\u00a0\u00bb1\/4&Prime;][mk_custom_box min_height=\u00a0\u00bb225&Prime; bg_color=\u00a0\u00bb#1c3f95&Prime;][mk_fancy_title tag_name=\u00a0\u00bbh3&Prime; color=\u00a0\u00bb#ffffff\u00a0\u00bb size=\u00a0\u00bb28&Prime; force_font_size=\u00a0\u00bbtrue\u00a0\u00bb size_phone=\u00a0\u00bb20&Prime; font_weight=\u00a0\u00bb600&Prime; font_family=\u00a0\u00bbnone\u00a0\u00bb align=\u00a0\u00bbcenter\u00a0\u00bb]M\u00e9canicien[\/mk_fancy_title][mk_button dimension=\u00a0\u00bbflat\u00a0\u00bb size=\u00a0\u00bbmedium\u00a0\u00bb url=\u00a0\u00bb#postuler\u00a0\u00bb align=\u00a0\u00bbcenter\u00a0\u00bb margin_right=\u00a0\u00bb0&Prime; bg_color=\u00a0\u00bbrgba(210,35,42,0.9)\u00a0\u00bb btn_hover_bg=\u00a0\u00bb#dd3333&Prime;]Postuler maintenant[\/mk_button][\/mk_custom_box][\/vc_column][vc_column width=\u00a0\u00bb1\/4&Prime;][\/vc_column][\/vc_row][vc_row fullwidth=\u00a0\u00bbtrue\u00a0\u00bb id=\u00a0\u00bbapply\u00a0\u00bb][vc_column][mk_divider style=\u00a0\u00bbthin_solid\u00a0\u00bb thin_single_color=\u00a0\u00bb#1c3f95&Prime; thickness=\u00a0\u00bb10&Prime; margin_top=\u00a0\u00bb0&Prime; margin_bottom=\u00a0\u00bb0&Prime;][\/vc_column][\/vc_row][mk_page_section bg_image=\u00a0\u00bbhttp:\/\/otttransport.com\/wp-content\/uploads\/background_flags-opt.jpg\u00a0\u00bb bg_position=\u00a0\u00bbcenter center\u00a0\u00bb bg_repeat=\u00a0\u00bbno-repeat\u00a0\u00bb bg_stretch=\u00a0\u00bbtrue\u00a0\u00bb enable_3d=\u00a0\u00bbtrue\u00a0\u00bb section_id=\u00a0\u00bbpostuler\u00a0\u00bb sidebar=\u00a0\u00bbsidebar-1&Prime;][vc_column width=\u00a0\u00bb1\/6&Prime;][\/vc_column][vc_column width=\u00a0\u00bb2\/3&Prime;][mk_padding_divider size=\u00a0\u00bb140&Prime;][mk_fancy_title tag_name=\u00a0\u00bbh3&Prime; size=\u00a0\u00bb50&Prime; force_font_size=\u00a0\u00bbtrue\u00a0\u00bb size_tablet=\u00a0\u00bb30&Prime; size_phone=\u00a0\u00bb25&Prime; font_weight=\u00a0\u00bb400&Prime; txt_transform=\u00a0\u00bbuppercase\u00a0\u00bb font_family=\u00a0\u00bbMontserrat\u00a0\u00bb font_type=\u00a0\u00bbgoogle\u00a0\u00bb align=\u00a0\u00bbcenter\u00a0\u00bb]ENTRONS EN CONTACT [\/mk_fancy_title][vc_column_text align=\u00a0\u00bbcenter\u00a0\u00bb css=\u00a0\u00bb.vc_custom_1576181078442{margin-bottom: 0px !important;}\u00a0\u00bb]Quel que soit le poste d\u00e9sir\u00e9, simplement \u00e0 remplir le formulaire ci-dessous et nous trouverons la place pour toi dans notre \u00e9quipe!<br \/>\n[\/vc_column_text]\n<div class=\"wpcf7 no-js\" id=\"wpcf7-f356-o1\" lang=\"en-CA\" dir=\"ltr\" data-wpcf7-id=\"356\">\n<div class=\"screen-reader-response\"><p role=\"status\" aria-live=\"polite\" aria-atomic=\"true\"><\/p> <ul><\/ul><\/div>\n<form action=\"\/fr\/wp-json\/wp\/v2\/pages\/347#wpcf7-f356-o1\" method=\"post\" class=\"wpcf7-form init\" aria-label=\"Contact form\" enctype=\"multipart\/form-data\" novalidate=\"novalidate\" data-status=\"init\">\n<fieldset class=\"hidden-fields-container\"><input type=\"hidden\" name=\"_wpcf7\" value=\"356\" \/><input type=\"hidden\" name=\"_wpcf7_version\" value=\"6.1.5\" \/><input type=\"hidden\" name=\"_wpcf7_locale\" value=\"en_CA\" \/><input type=\"hidden\" name=\"_wpcf7_unit_tag\" value=\"wpcf7-f356-o1\" \/><input type=\"hidden\" name=\"_wpcf7_container_post\" value=\"0\" \/><input type=\"hidden\" name=\"_wpcf7_posted_data_hash\" value=\"\" \/><input type=\"hidden\" name=\"_wpcf7_recaptcha_response\" value=\"\" \/>\n<\/fieldset>\n<p><span class=\"wpcf7-form-control-wrap\" data-name=\"your-name\"><input size=\"40\" maxlength=\"400\" class=\"wpcf7-form-control wpcf7-text wpcf7-validates-as-required\" aria-required=\"true\" aria-invalid=\"false\" placeholder=\"Nom complet*\" value=\"\" type=\"text\" name=\"your-name\" \/><\/span><span class=\"wpcf7-form-control-wrap\" data-name=\"your-tel\"><input size=\"40\" maxlength=\"400\" class=\"wpcf7-form-control wpcf7-tel wpcf7-validates-as-required wpcf7-text wpcf7-validates-as-tel\" aria-required=\"true\" aria-invalid=\"false\" placeholder=\"T\u00e9l\u00e9phone*\" value=\"\" type=\"tel\" name=\"your-tel\" \/><\/span><span class=\"wpcf7-form-control-wrap\" data-name=\"your-email\"><input size=\"40\" maxlength=\"400\" class=\"wpcf7-form-control wpcf7-email wpcf7-validates-as-required wpcf7-text wpcf7-validates-as-email\" aria-required=\"true\" aria-invalid=\"false\" placeholder=\"Courriel*\" value=\"\" type=\"email\" name=\"your-email\" \/><\/span><span class=\"wpcf7-form-control-wrap\" data-name=\"your-class\"><input size=\"40\" maxlength=\"400\" class=\"wpcf7-form-control wpcf7-text wpcf7-validates-as-required\" aria-required=\"true\" aria-invalid=\"false\" placeholder=\"Classe de permis de conduire\" value=\"\" type=\"text\" name=\"your-class\" \/><\/span>\n<\/p>\n<div class=\"bjm-form-half\">\n\t<p>Emploi d\u00e9sir\u00e9*<br \/>\n<span class=\"wpcf7-form-control-wrap\" data-name=\"your-position\"><select class=\"wpcf7-form-control wpcf7-select\" aria-invalid=\"false\" name=\"your-position\"><option value=\"Chauffeur\">Chauffeur<\/option><option value=\"Exp\u00e9dition\">Exp\u00e9dition<\/option><option value=\"Comptabilit\u00e9\">Comptabilit\u00e9<\/option><option value=\"S\u00e9curit\u00e9\">S\u00e9curit\u00e9<\/option><option value=\"Sp\u00e9cialiste en logistique\">Sp\u00e9cialiste en logistique<\/option><option value=\"Commis de bureau\">Commis de bureau<\/option><option value=\"M\u00e9canicien\">M\u00e9canicien<\/option><\/select><\/span><br \/>\nExp\u00e9rience*<br \/>\n<span class=\"wpcf7-form-control-wrap\" data-name=\"your-xp\"><select class=\"wpcf7-form-control wpcf7-select wpcf7-validates-as-required\" aria-required=\"true\" aria-invalid=\"false\" name=\"your-xp\"><option value=\"0-1 an\">0-1 an<\/option><option value=\"1-2 ans\">1-2 ans<\/option><option value=\"2-5 ans\">2-5 ans<\/option><option value=\"5 ans +\">5 ans +<\/option><\/select><\/span><br \/>\nJoindre le cv<br \/>\n<span class=\"wpcf7-form-control-wrap\" data-name=\"your-resume\"><input size=\"40\" class=\"wpcf7-form-control wpcf7-file\" accept=\"audio\/*,video\/*,image\/*\" aria-invalid=\"false\" type=\"file\" name=\"your-resume\" \/><\/span>\n\t<\/p>\n<\/div>\n<div class=\"bjm-form-half\">\n\t<p>Message<br \/>\n<span class=\"wpcf7-form-control-wrap\" data-name=\"your-message\"><textarea cols=\"40\" rows=\"10\" maxlength=\"2000\" class=\"wpcf7-form-control wpcf7-textarea\" aria-invalid=\"false\" name=\"your-message\"><\/textarea><\/span>\n\t<\/p>\n<\/div>\n<p><input class=\"wpcf7-form-control wpcf7-submit has-spinner\" type=\"submit\" value=\"Envoyer\" \/>\n<\/p><div class=\"wpcf7-response-output\" aria-hidden=\"true\"><\/div>\n<\/form>\n<\/div>\n[mk_padding_divider size=\u00a0\u00bb60&Prime;][\/vc_column][vc_column width=\u00a0\u00bb1\/6&Prime;][\/vc_column][\/mk_page_section][vc_row fullwidth=\u00a0\u00bbtrue\u00a0\u00bb][vc_column][mk_divider style=\u00a0\u00bbthin_solid\u00a0\u00bb thin_single_color=\u00a0\u00bb#1c3f95&Prime; thickness=\u00a0\u00bb10&Prime; margin_top=\u00a0\u00bb0&Prime; margin_bottom=\u00a0\u00bb0&Prime;][\/vc_column][\/vc_row]\n<\/div>","protected":false},"excerpt":{"rendered":"<p>[mk_page_section bg_image=\u00a0\u00bbhttp:\/\/otttransport.com\/wp-content\/uploads\/ott-truck-opt.jpg\u00a0\u00bb bg_position=\u00a0\u00bbright center\u00a0\u00bb bg_repeat=\u00a0\u00bbno-repeat\u00a0\u00bb bg_stretch=\u00a0\u00bbtrue\u00a0\u00bb video_color_mask=\u00a0\u00bbrgba(0,0,0,0.7)\u00a0\u00bb video_opacity=\u00a0\u00bb0.9&Prime; full_height=\u00a0\u00bbtrue\u00a0\u00bb section_id=\u00a0\u00bb125282219&Prime; sidebar=\u00a0\u00bbsidebar-1&Prime;][vc_column][mk_fancy_title tag_name=\u00a0\u00bbh1&Prime; color=\u00a0\u00bb#ffffff\u00a0\u00bb size=\u00a0\u00bb60&Prime; force_font_size=\u00a0\u00bbtrue\u00a0\u00bb size_tablet=\u00a0\u00bb40&Prime; size_phone=\u00a0\u00bb30&Prime; font_weight=\u00a0\u00bbbold\u00a0\u00bb txt_transform=\u00a0\u00bbuppercase\u00a0\u00bb margin_top=\u00a0\u00bb60&Prime; margin_bottom=\u00a0\u00bb0&Prime; font_family=\u00a0\u00bbMontserrat\u00a0\u00bb font_type=\u00a0\u00bbgoogle\u00a0\u00bb align=\u00a0\u00bbcenter\u00a0\u00bb]UNE ENTREPRISE DE TRANSPORT QUI LIVRE CE QUE VOUS ATTENDEZ D&rsquo;UN EMPLOYEUR[\/mk_fancy_title][mk_button dimension=\u00a0\u00bbflat\u00a0\u00bb size=\u00a0\u00bblarge\u00a0\u00bb url=\u00a0\u00bb\/fr\/contactez-nous\/\u00a0\u00bb align=\u00a0\u00bbcenter\u00a0\u00bb margin_right=\u00a0\u00bb0&Prime; visibility=\u00a0\u00bbhidden-sm\u00a0\u00bb bg_color=\u00a0\u00bbrgba(210,35,42,0.9)\u00a0\u00bb btn_hover_bg=\u00a0\u00bb#dd3333&Prime;]Contactez-nous[\/mk_button][\/vc_column][\/mk_page_section][vc_row fullwidth=\u00a0\u00bbtrue\u00a0\u00bb][vc_column][mk_divider style=\u00a0\u00bbthin_solid\u00a0\u00bb thin_single_color=\u00a0\u00bb#1c3f95&Prime; thickness=\u00a0\u00bb10&Prime; margin_top=\u00a0\u00bb0&Prime; margin_bottom=\u00a0\u00bb0&Prime;][\/vc_column][\/vc_row][mk_page_section sidebar=\u00a0\u00bbsidebar-1&Prime;][vc_column][mk_padding_divider size=\u00a0\u00bb60&Prime;][vc_row_inner][vc_column_inner][vc_column_text css=\u00a0\u00bb.vc_custom_1576180288986{margin-bottom: 0px !important;}\u00a0\u00bb]Nous pouvons [&hellip;]<\/p>\n","protected":false},"author":2,"featured_media":0,"parent":0,"menu_order":0,"comment_status":"closed","ping_status":"closed","template":"","meta":{"footnotes":""},"class_list":["post-347","page","type-page","status-publish","hentry"],"yoast_head":"<!-- This site is optimized with the Yoast SEO plugin v27.5 - https:\/\/yoast.com\/product\/yoast-seo-wordpress\/ -->\n<title>Offres d\u2019Emploi pour Chauffeur Classe 1 et + | OTT Transport<\/title>\n<meta name=\"description\" content=\"Vous \u00eates un chauffeur Classe 1 \u00e0 la recherche de nouveaux horizons? On veut vous parler! Voyez nos offres d\u2019emploi!\" \/>\n<meta name=\"robots\" content=\"index, follow, max-snippet:-1, max-image-preview:large, max-video-preview:-1\" \/>\n<link rel=\"canonical\" href=\"https:\/\/otttransport.com\/fr\/carrieres\/\" \/>\n<meta property=\"og:locale\" content=\"fr_CA\" \/>\n<meta property=\"og:type\" content=\"article\" \/>\n<meta property=\"og:title\" content=\"Offres d\u2019Emploi pour Chauffeur Classe 1 et + | OTT Transport\" \/>\n<meta property=\"og:description\" content=\"Vous \u00eates un chauffeur Classe 1 \u00e0 la recherche de nouveaux horizons? On veut vous parler! Voyez nos offres d\u2019emploi!\" \/>\n<meta property=\"og:url\" content=\"https:\/\/otttransport.com\/fr\/carrieres\/\" \/>\n<meta property=\"og:site_name\" content=\"On Time Transport\" \/>\n<meta property=\"article:modified_time\" content=\"2020-01-06T16:05:58+00:00\" \/>\n<meta name=\"twitter:card\" content=\"summary_large_image\" \/>\n<meta name=\"twitter:label1\" content=\"Estimation du temps de lecture\" \/>\n\t<meta name=\"twitter:data1\" content=\"5 minutes\" \/>\n<script type=\"application\/ld+json\" class=\"yoast-schema-graph\">{\"@context\":\"https:\\\/\\\/schema.org\",\"@graph\":[{\"@type\":\"WebPage\",\"@id\":\"https:\\\/\\\/otttransport.com\\\/fr\\\/carrieres\\\/\",\"url\":\"https:\\\/\\\/otttransport.com\\\/fr\\\/carrieres\\\/\",\"name\":\"Offres d\u2019Emploi pour Chauffeur Classe 1 et + | OTT Transport\",\"isPartOf\":{\"@id\":\"https:\\\/\\\/otttransport.com\\\/#website\"},\"datePublished\":\"2019-11-12T18:33:43+00:00\",\"dateModified\":\"2020-01-06T16:05:58+00:00\",\"description\":\"Vous \u00eates un chauffeur Classe 1 \u00e0 la recherche de nouveaux horizons? On veut vous parler! Voyez nos offres d\u2019emploi!\",\"breadcrumb\":{\"@id\":\"https:\\\/\\\/otttransport.com\\\/fr\\\/carrieres\\\/#breadcrumb\"},\"inLanguage\":\"fr-CA\",\"potentialAction\":[{\"@type\":\"ReadAction\",\"target\":[\"https:\\\/\\\/otttransport.com\\\/fr\\\/carrieres\\\/\"]}]},{\"@type\":\"BreadcrumbList\",\"@id\":\"https:\\\/\\\/otttransport.com\\\/fr\\\/carrieres\\\/#breadcrumb\",\"itemListElement\":[{\"@type\":\"ListItem\",\"position\":1,\"name\":\"Home\",\"item\":\"https:\\\/\\\/otttransport.com\\\/fr\\\/\"},{\"@type\":\"ListItem\",\"position\":2,\"name\":\"Carri\u00e8res\"}]},{\"@type\":\"WebSite\",\"@id\":\"https:\\\/\\\/otttransport.com\\\/#website\",\"url\":\"https:\\\/\\\/otttransport.com\\\/\",\"name\":\"On Time Transport\",\"description\":\"Jupiter 6\",\"potentialAction\":[{\"@type\":\"SearchAction\",\"target\":{\"@type\":\"EntryPoint\",\"urlTemplate\":\"https:\\\/\\\/otttransport.com\\\/?s={search_term_string}\"},\"query-input\":{\"@type\":\"PropertyValueSpecification\",\"valueRequired\":true,\"valueName\":\"search_term_string\"}}],\"inLanguage\":\"fr-CA\"}]}<\/script>\n<!-- \/ Yoast SEO plugin. -->","yoast_head_json":{"title":"Offres d\u2019Emploi pour Chauffeur Classe 1 et + | OTT Transport","description":"Vous \u00eates un chauffeur Classe 1 \u00e0 la recherche de nouveaux horizons? On veut vous parler! Voyez nos offres d\u2019emploi!","robots":{"index":"index","follow":"follow","max-snippet":"max-snippet:-1","max-image-preview":"max-image-preview:large","max-video-preview":"max-video-preview:-1"},"canonical":"https:\/\/otttransport.com\/fr\/carrieres\/","og_locale":"fr_CA","og_type":"article","og_title":"Offres d\u2019Emploi pour Chauffeur Classe 1 et + | OTT Transport","og_description":"Vous \u00eates un chauffeur Classe 1 \u00e0 la recherche de nouveaux horizons? On veut vous parler! Voyez nos offres d\u2019emploi!","og_url":"https:\/\/otttransport.com\/fr\/carrieres\/","og_site_name":"On Time Transport","article_modified_time":"2020-01-06T16:05:58+00:00","twitter_card":"summary_large_image","twitter_misc":{"Estimation du temps de lecture":"5 minutes"},"schema":{"@context":"https:\/\/schema.org","@graph":[{"@type":"WebPage","@id":"https:\/\/otttransport.com\/fr\/carrieres\/","url":"https:\/\/otttransport.com\/fr\/carrieres\/","name":"Offres d\u2019Emploi pour Chauffeur Classe 1 et + | OTT Transport","isPartOf":{"@id":"https:\/\/otttransport.com\/#website"},"datePublished":"2019-11-12T18:33:43+00:00","dateModified":"2020-01-06T16:05:58+00:00","description":"Vous \u00eates un chauffeur Classe 1 \u00e0 la recherche de nouveaux horizons? On veut vous parler! Voyez nos offres d\u2019emploi!","breadcrumb":{"@id":"https:\/\/otttransport.com\/fr\/carrieres\/#breadcrumb"},"inLanguage":"fr-CA","potentialAction":[{"@type":"ReadAction","target":["https:\/\/otttransport.com\/fr\/carrieres\/"]}]},{"@type":"BreadcrumbList","@id":"https:\/\/otttransport.com\/fr\/carrieres\/#breadcrumb","itemListElement":[{"@type":"ListItem","position":1,"name":"Home","item":"https:\/\/otttransport.com\/fr\/"},{"@type":"ListItem","position":2,"name":"Carri\u00e8res"}]},{"@type":"WebSite","@id":"https:\/\/otttransport.com\/#website","url":"https:\/\/otttransport.com\/","name":"On Time Transport","description":"Jupiter 6","potentialAction":[{"@type":"SearchAction","target":{"@type":"EntryPoint","urlTemplate":"https:\/\/otttransport.com\/?s={search_term_string}"},"query-input":{"@type":"PropertyValueSpecification","valueRequired":true,"valueName":"search_term_string"}}],"inLanguage":"fr-CA"}]}},"_links":{"self":[{"href":"https:\/\/otttransport.com\/fr\/wp-json\/wp\/v2\/pages\/347","targetHints":{"allow":["GET"]}}],"collection":[{"href":"https:\/\/otttransport.com\/fr\/wp-json\/wp\/v2\/pages"}],"about":[{"href":"https:\/\/otttransport.com\/fr\/wp-json\/wp\/v2\/types\/page"}],"author":[{"embeddable":true,"href":"https:\/\/otttransport.com\/fr\/wp-json\/wp\/v2\/users\/2"}],"replies":[{"embeddable":true,"href":"https:\/\/otttransport.com\/fr\/wp-json\/wp\/v2\/comments?post=347"}],"version-history":[{"count":5,"href":"https:\/\/otttransport.com\/fr\/wp-json\/wp\/v2\/pages\/347\/revisions"}],"predecessor-version":[{"id":427,"href":"https:\/\/otttransport.com\/fr\/wp-json\/wp\/v2\/pages\/347\/revisions\/427"}],"wp:attachment":[{"href":"https:\/\/otttransport.com\/fr\/wp-json\/wp\/v2\/media?parent=347"}],"curies":[{"name":"wp","href":"https:\/\/api.w.org\/{rel}","templated":true}]}}