{"id":351,"date":"2019-11-12T23:51:12","date_gmt":"2019-11-12T18:51:12","guid":{"rendered":"http:\/\/otttransport.com\/contact-ontimetransport\/"},"modified":"2025-01-22T01:59:53","modified_gmt":"2025-01-21T20:59:53","slug":"contactez-nous","status":"publish","type":"page","link":"https:\/\/otttransport.com\/fr\/contactez-nous\/","title":{"rendered":"Contactez-nous"},"content":{"rendered":"<div class=\"wpb-content-wrapper\">[mk_page_section bg_image=\u00a0\u00bbhttp:\/\/otttransport.com\/wp-content\/uploads\/ott-truck-left-side-crop-opt.jpg\u00a0\u00bb bg_position=\u00a0\u00bbleft center\u00a0\u00bb bg_repeat=\u00a0\u00bbno-repeat\u00a0\u00bb bg_stretch=\u00a0\u00bbtrue\u00a0\u00bb video_color_mask=\u00a0\u00bbrgba(0,0,0,0.7)\u00a0\u00bb video_opacity=\u00a0\u00bb0.9&Prime; full_height=\u00a0\u00bbtrue\u00a0\u00bb section_id=\u00a0\u00bb125282219&Prime; sidebar=\u00a0\u00bbsidebar-1&Prime;][vc_column][mk_fancy_title tag_name=\u00a0\u00bbh1&Prime; color=\u00a0\u00bb#ffffff\u00a0\u00bb size=\u00a0\u00bb60&Prime; force_font_size=\u00a0\u00bbtrue\u00a0\u00bb size_tablet=\u00a0\u00bb40&Prime; size_phone=\u00a0\u00bb30&Prime; font_weight=\u00a0\u00bbbold\u00a0\u00bb txt_transform=\u00a0\u00bbuppercase\u00a0\u00bb margin_top=\u00a0\u00bb60&Prime; margin_bottom=\u00a0\u00bb0&Prime; font_family=\u00a0\u00bbMontserrat\u00a0\u00bb font_type=\u00a0\u00bbgoogle\u00a0\u00bb align=\u00a0\u00bbcenter\u00a0\u00bb]<small style=\"display: inline-block; font-size: 30px; line-height: 1.3em; font-weight: normal;\">PARLONS, \u00c9LABORONS DES STRAT\u00c9GIES ET <\/small><br \/>\nBOUGEONS, ENSEMBLE.[\/mk_fancy_title][\/vc_column][\/mk_page_section][vc_row fullwidth=\u00a0\u00bbtrue\u00a0\u00bb][vc_column][mk_divider style=\u00a0\u00bbthin_solid\u00a0\u00bb thin_single_color=\u00a0\u00bb#1c3f95&Prime; thickness=\u00a0\u00bb10&Prime; margin_top=\u00a0\u00bb0&Prime; margin_bottom=\u00a0\u00bb0&Prime;][\/vc_column][\/vc_row][mk_page_section sidebar=\u00a0\u00bbsidebar-1&Prime;][vc_column][mk_padding_divider size=\u00a0\u00bb60&Prime;][vc_row_inner][vc_column_inner][vc_column_text css=\u00a0\u00bb.vc_custom_1576182944314{margin-bottom: 0px !important;}\u00a0\u00bb]Le transport n&rsquo;est pas une activit\u00e9 de 9 \u00e0 5 et elle ne doit donc pas \u00eatre g\u00e9r\u00e9e en tant que telle. Parce que vous ne savez jamais quand quelqu&rsquo;un, quelque part, aura besoin d&rsquo;un coup de main, notre \u00e9quipe est disponible 24 heures sur 24, 7 jours sur 7 et habilit\u00e9e \u00e0 r\u00e9soudre toute situation qui pourrait survenir.<br \/>\n[\/vc_column_text][\/vc_column_inner][\/vc_row_inner][vc_row_inner css=\u00a0\u00bb.vc_custom_1573585114040{padding-top: 30px !important;}\u00a0\u00bb][vc_column_inner width=\u00a0\u00bb1\/2&Prime;][vc_column_text css=\u00a0\u00bb.vc_custom_1576182956341{margin-bottom: 0px !important;}\u00a0\u00bb]<strong>Si vous avez besoin d&rsquo;un devis ou si vous souhaitez envoyer une question ou un commentaire, vous pouvez remplir le formulaire ci-dessous.<\/strong>[\/vc_column_text][\/vc_column_inner][vc_column_inner width=\u00a0\u00bb1\/2&Prime;][vc_column_text css=\u00a0\u00bb.vc_custom_1576182987410{margin-bottom: 0px !important;}\u00a0\u00bb]<strong>Si vous souhaitez parler \u00e0 quelqu&rsquo;un maintenant, vous pouvez toujours appeler le num\u00e9ro ci-dessous.<\/strong><\/p>\n<p><span style=\"font-weight: 400;\">Nous avons h\u00e2te de vous entendre. Vous pouvez \u00eatre en confiance, vous serez entre de bonnes mains.<\/span>[\/vc_column_text][\/vc_column_inner][\/vc_row_inner][vc_row_inner][vc_column_inner width=\u00a0\u00bb1\/2&Prime;]\n<div class=\"wpcf7 no-js\" id=\"wpcf7-f355-o1\" lang=\"en-CA\" dir=\"ltr\" data-wpcf7-id=\"355\">\n<div class=\"screen-reader-response\"><p role=\"status\" aria-live=\"polite\" aria-atomic=\"true\"><\/p> <ul><\/ul><\/div>\n<form action=\"\/fr\/wp-json\/wp\/v2\/pages\/351#wpcf7-f355-o1\" method=\"post\" class=\"wpcf7-form init\" aria-label=\"Contact form\" novalidate=\"novalidate\" data-status=\"init\">\n<fieldset class=\"hidden-fields-container\"><input type=\"hidden\" name=\"_wpcf7\" value=\"355\" \/><input type=\"hidden\" name=\"_wpcf7_version\" value=\"6.1.5\" \/><input type=\"hidden\" name=\"_wpcf7_locale\" value=\"en_CA\" \/><input type=\"hidden\" name=\"_wpcf7_unit_tag\" value=\"wpcf7-f355-o1\" \/><input type=\"hidden\" name=\"_wpcf7_container_post\" value=\"0\" \/><input type=\"hidden\" name=\"_wpcf7_posted_data_hash\" value=\"\" \/><input type=\"hidden\" name=\"_wpcf7_recaptcha_response\" value=\"\" \/>\n<\/fieldset>\n<p><span class=\"wpcf7-form-control-wrap\" data-name=\"your-name\"><input size=\"40\" maxlength=\"400\" class=\"wpcf7-form-control wpcf7-text wpcf7-validates-as-required\" aria-required=\"true\" aria-invalid=\"false\" placeholder=\"Nom complet*\" value=\"\" type=\"text\" name=\"your-name\" \/><\/span><span class=\"wpcf7-form-control-wrap\" data-name=\"your-co\"><input size=\"40\" maxlength=\"400\" class=\"wpcf7-form-control wpcf7-text\" aria-invalid=\"false\" placeholder=\"Entreprise\" value=\"\" type=\"text\" name=\"your-co\" \/><\/span><span class=\"wpcf7-form-control-wrap\" data-name=\"your-tel\"><input size=\"40\" maxlength=\"400\" class=\"wpcf7-form-control wpcf7-tel wpcf7-validates-as-required wpcf7-text wpcf7-validates-as-tel\" aria-required=\"true\" aria-invalid=\"false\" placeholder=\"T\u00e9l\u00e9phone*\" value=\"\" type=\"tel\" name=\"your-tel\" \/><\/span><span class=\"wpcf7-form-control-wrap\" data-name=\"your-email\"><input size=\"40\" maxlength=\"400\" class=\"wpcf7-form-control wpcf7-email wpcf7-validates-as-required wpcf7-text wpcf7-validates-as-email\" aria-required=\"true\" aria-invalid=\"false\" placeholder=\"Courriel*\" value=\"\" type=\"email\" name=\"your-email\" \/><\/span><br \/>\n<span class=\"wpcf7-form-control-wrap\" data-name=\"your-message\"><textarea cols=\"40\" rows=\"10\" maxlength=\"2000\" class=\"wpcf7-form-control wpcf7-textarea wpcf7-validates-as-required\" aria-required=\"true\" aria-invalid=\"false\" placeholder=\"Message*\" name=\"your-message\"><\/textarea><\/span><br \/>\n<input class=\"wpcf7-form-control wpcf7-submit has-spinner\" type=\"submit\" value=\"Envoy\u00e9\" \/>\n<\/p><div class=\"wpcf7-response-output\" aria-hidden=\"true\"><\/div>\n<\/form>\n<\/div>\n[\/vc_column_inner][vc_column_inner width=\u00a0\u00bb1\/2&Prime;][vc_column_text css=\u00a0\u00bb.vc_custom_1737493160562{margin-bottom: 0px !important;}\u00a0\u00bb]\n<h3><a href=\"tel:+15147356444\">(514) 735-6444<\/a><\/h3>\n<p><strong>Sans frais: <a href=\"tel:+18777356444\">1 877 735-6444<\/a><\/strong><\/p>\n<p>1406 rue Saint-Amour, St-Laurent, QC\u00a0 H4S 1J2<br \/>\n16682 Steeles Ave, Halton Hills, ON\u00a0 L6Y 5Z4[\/vc_column_text][\/vc_column_inner][\/vc_row_inner][mk_padding_divider size=\u00a0\u00bb60&Prime;][\/vc_column][\/mk_page_section][vc_row fullwidth=\u00a0\u00bbtrue\u00a0\u00bb][vc_column][mk_divider style=\u00a0\u00bbthin_solid\u00a0\u00bb thin_single_color=\u00a0\u00bb#cbe2f6&Prime; thickness=\u00a0\u00bb10&Prime; margin_top=\u00a0\u00bb0&Prime; margin_bottom=\u00a0\u00bb0&Prime;][vc_gmaps link=\u00a0\u00bb#E-8_JTNDaWZyYW1lJTIwc3JjJTNEJTIyaHR0cHMlM0ElMkYlMkZ3d3cuZ29vZ2xlLmNvbSUyRm1hcHMlMkZlbWJlZCUzRnBiJTNEJTIxMW0xOCUyMTFtMTIlMjExbTMlMjExZDI3OTcuMTc0MzM1OTI1NDklMjEyZC03My43Mjg1OTQ2ODQ3NDkxNCUyMTNkNDUuNDg2NDMzOTc5MTAxMTglMjEybTMlMjExZjAlMjEyZjAlMjEzZjAlMjEzbTIlMjExaTEwMjQlMjEyaTc2OCUyMTRmMTMuMSUyMTNtMyUyMTFtMiUyMTFzMHg0Y2M5MTZlMGI2NGFkZjcxJTI1M0EweDYyMmYzOWQ1YTJhZjliM2QlMjEyc09uJTI1MjBUaW1lJTI1MjBUcmFuc3BvcnQlMjE1ZTAlMjEzbTIlMjExc2ZyJTIxMnNjYSUyMTR2MTU3MzU4NDU3ODYwNSUyMTVtMiUyMTFzZnIlMjEyc2NhJTIyJTIwd2lkdGglM0QlMjI2MDAlMjIlMjBoZWlnaHQlM0QlMjI0NTAlMjIlMjBmcmFtZWJvcmRlciUzRCUyMjAlMjIlMjBzdHlsZSUzRCUyMmJvcmRlciUzQTAlM0IlMjIlMjBhbGxvd2Z1bGxzY3JlZW4lM0QlMjIlMjIlM0UlM0MlMkZpZnJhbWUlM0U=\u00a0\u00bb css=\u00a0\u00bb.vc_custom_1573584607765{margin-top: 0px !important;margin-right: 0px !important;margin-bottom: 0px !important;margin-left: 0px !important;border-top-width: 0px !important;border-right-width: 0px !important;border-bottom-width: 0px !important;border-left-width: 0px !important;padding-top: 0px !important;padding-right: 0px !important;padding-bottom: 0px !important;padding-left: 0px !important;}\u00a0\u00bb][mk_divider style=\u00a0\u00bbthin_solid\u00a0\u00bb thin_single_color=\u00a0\u00bb#1c3f95&Prime; thickness=\u00a0\u00bb10&Prime; margin_top=\u00a0\u00bb0&Prime; margin_bottom=\u00a0\u00bb0&Prime;][\/vc_column][\/vc_row]\n<\/div>","protected":false},"excerpt":{"rendered":"<p>[mk_page_section bg_image=\u00a0\u00bbhttp:\/\/otttransport.com\/wp-content\/uploads\/ott-truck-left-side-crop-opt.jpg\u00a0\u00bb bg_position=\u00a0\u00bbleft center\u00a0\u00bb bg_repeat=\u00a0\u00bbno-repeat\u00a0\u00bb bg_stretch=\u00a0\u00bbtrue\u00a0\u00bb video_color_mask=\u00a0\u00bbrgba(0,0,0,0.7)\u00a0\u00bb video_opacity=\u00a0\u00bb0.9&Prime; full_height=\u00a0\u00bbtrue\u00a0\u00bb section_id=\u00a0\u00bb125282219&Prime; sidebar=\u00a0\u00bbsidebar-1&Prime;][vc_column][mk_fancy_title tag_name=\u00a0\u00bbh1&Prime; color=\u00a0\u00bb#ffffff\u00a0\u00bb size=\u00a0\u00bb60&Prime; force_font_size=\u00a0\u00bbtrue\u00a0\u00bb size_tablet=\u00a0\u00bb40&Prime; size_phone=\u00a0\u00bb30&Prime; font_weight=\u00a0\u00bbbold\u00a0\u00bb txt_transform=\u00a0\u00bbuppercase\u00a0\u00bb margin_top=\u00a0\u00bb60&Prime; margin_bottom=\u00a0\u00bb0&Prime; font_family=\u00a0\u00bbMontserrat\u00a0\u00bb font_type=\u00a0\u00bbgoogle\u00a0\u00bb align=\u00a0\u00bbcenter\u00a0\u00bb]PARLONS, \u00c9LABORONS DES STRAT\u00c9GIES ET BOUGEONS, ENSEMBLE.[\/mk_fancy_title][\/vc_column][\/mk_page_section][vc_row fullwidth=\u00a0\u00bbtrue\u00a0\u00bb][vc_column][mk_divider style=\u00a0\u00bbthin_solid\u00a0\u00bb thin_single_color=\u00a0\u00bb#1c3f95&Prime; thickness=\u00a0\u00bb10&Prime; margin_top=\u00a0\u00bb0&Prime; margin_bottom=\u00a0\u00bb0&Prime;][\/vc_column][\/vc_row][mk_page_section sidebar=\u00a0\u00bbsidebar-1&Prime;][vc_column][mk_padding_divider size=\u00a0\u00bb60&Prime;][vc_row_inner][vc_column_inner][vc_column_text css=\u00a0\u00bb.vc_custom_1576182944314{margin-bottom: 0px !important;}\u00a0\u00bb]Le transport n&rsquo;est pas une activit\u00e9 de 9 \u00e0 5 et elle ne doit donc [&hellip;]<\/p>\n","protected":false},"author":2,"featured_media":0,"parent":0,"menu_order":0,"comment_status":"closed","ping_status":"closed","template":"","meta":{"footnotes":""},"class_list":["post-351","page","type-page","status-publish","hentry"],"yoast_head":"<!-- This site is optimized with the Yoast SEO plugin v27.4 - https:\/\/yoast.com\/product\/yoast-seo-wordpress\/ -->\n<title>Contactez-nous 24\/7 pour un Transport Canada\/\u00c9tats-Unis | OTT Transport<\/title>\n<meta name=\"description\" content=\"Parlons, \u00e9laborons des strat\u00e9gies et bougeons ensemble. Contactez-nous pour obtenir un devis et planifier votre envoi. (514) 735-6444\" \/>\n<meta name=\"robots\" content=\"index, follow, max-snippet:-1, max-image-preview:large, max-video-preview:-1\" \/>\n<link rel=\"canonical\" href=\"https:\/\/otttransport.com\/fr\/contactez-nous\/\" \/>\n<meta property=\"og:locale\" content=\"fr_CA\" \/>\n<meta property=\"og:type\" content=\"article\" \/>\n<meta property=\"og:title\" content=\"Contactez-nous 24\/7 pour un Transport Canada\/\u00c9tats-Unis | OTT Transport\" \/>\n<meta property=\"og:description\" content=\"Parlons, \u00e9laborons des strat\u00e9gies et bougeons ensemble. Contactez-nous pour obtenir un devis et planifier votre envoi. (514) 735-6444\" \/>\n<meta property=\"og:url\" content=\"https:\/\/otttransport.com\/fr\/contactez-nous\/\" \/>\n<meta property=\"og:site_name\" content=\"On Time Transport\" \/>\n<meta property=\"article:modified_time\" content=\"2025-01-21T20:59:53+00:00\" \/>\n<meta name=\"twitter:card\" content=\"summary_large_image\" \/>\n<meta name=\"twitter:label1\" content=\"Estimation du temps de lecture\" \/>\n\t<meta name=\"twitter:data1\" content=\"2 minutes\" \/>\n<script type=\"application\/ld+json\" class=\"yoast-schema-graph\">{\"@context\":\"https:\\\/\\\/schema.org\",\"@graph\":[{\"@type\":\"WebPage\",\"@id\":\"https:\\\/\\\/otttransport.com\\\/fr\\\/contactez-nous\\\/\",\"url\":\"https:\\\/\\\/otttransport.com\\\/fr\\\/contactez-nous\\\/\",\"name\":\"Contactez-nous 24\\\/7 pour un Transport Canada\\\/\u00c9tats-Unis | OTT Transport\",\"isPartOf\":{\"@id\":\"https:\\\/\\\/otttransport.com\\\/#website\"},\"datePublished\":\"2019-11-12T18:51:12+00:00\",\"dateModified\":\"2025-01-21T20:59:53+00:00\",\"description\":\"Parlons, \u00e9laborons des strat\u00e9gies et bougeons ensemble. Contactez-nous pour obtenir un devis et planifier votre envoi. (514) 735-6444\",\"breadcrumb\":{\"@id\":\"https:\\\/\\\/otttransport.com\\\/fr\\\/contactez-nous\\\/#breadcrumb\"},\"inLanguage\":\"fr-CA\",\"potentialAction\":[{\"@type\":\"ReadAction\",\"target\":[\"https:\\\/\\\/otttransport.com\\\/fr\\\/contactez-nous\\\/\"]}]},{\"@type\":\"BreadcrumbList\",\"@id\":\"https:\\\/\\\/otttransport.com\\\/fr\\\/contactez-nous\\\/#breadcrumb\",\"itemListElement\":[{\"@type\":\"ListItem\",\"position\":1,\"name\":\"Home\",\"item\":\"https:\\\/\\\/otttransport.com\\\/fr\\\/\"},{\"@type\":\"ListItem\",\"position\":2,\"name\":\"Contactez-nous\"}]},{\"@type\":\"WebSite\",\"@id\":\"https:\\\/\\\/otttransport.com\\\/#website\",\"url\":\"https:\\\/\\\/otttransport.com\\\/\",\"name\":\"On Time Transport\",\"description\":\"Jupiter 6\",\"potentialAction\":[{\"@type\":\"SearchAction\",\"target\":{\"@type\":\"EntryPoint\",\"urlTemplate\":\"https:\\\/\\\/otttransport.com\\\/?s={search_term_string}\"},\"query-input\":{\"@type\":\"PropertyValueSpecification\",\"valueRequired\":true,\"valueName\":\"search_term_string\"}}],\"inLanguage\":\"fr-CA\"}]}<\/script>\n<!-- \/ Yoast SEO plugin. -->","yoast_head_json":{"title":"Contactez-nous 24\/7 pour un Transport Canada\/\u00c9tats-Unis | OTT Transport","description":"Parlons, \u00e9laborons des strat\u00e9gies et bougeons ensemble. Contactez-nous pour obtenir un devis et planifier votre envoi. (514) 735-6444","robots":{"index":"index","follow":"follow","max-snippet":"max-snippet:-1","max-image-preview":"max-image-preview:large","max-video-preview":"max-video-preview:-1"},"canonical":"https:\/\/otttransport.com\/fr\/contactez-nous\/","og_locale":"fr_CA","og_type":"article","og_title":"Contactez-nous 24\/7 pour un Transport Canada\/\u00c9tats-Unis | OTT Transport","og_description":"Parlons, \u00e9laborons des strat\u00e9gies et bougeons ensemble. Contactez-nous pour obtenir un devis et planifier votre envoi. (514) 735-6444","og_url":"https:\/\/otttransport.com\/fr\/contactez-nous\/","og_site_name":"On Time Transport","article_modified_time":"2025-01-21T20:59:53+00:00","twitter_card":"summary_large_image","twitter_misc":{"Estimation du temps de lecture":"2 minutes"},"schema":{"@context":"https:\/\/schema.org","@graph":[{"@type":"WebPage","@id":"https:\/\/otttransport.com\/fr\/contactez-nous\/","url":"https:\/\/otttransport.com\/fr\/contactez-nous\/","name":"Contactez-nous 24\/7 pour un Transport Canada\/\u00c9tats-Unis | OTT Transport","isPartOf":{"@id":"https:\/\/otttransport.com\/#website"},"datePublished":"2019-11-12T18:51:12+00:00","dateModified":"2025-01-21T20:59:53+00:00","description":"Parlons, \u00e9laborons des strat\u00e9gies et bougeons ensemble. Contactez-nous pour obtenir un devis et planifier votre envoi. (514) 735-6444","breadcrumb":{"@id":"https:\/\/otttransport.com\/fr\/contactez-nous\/#breadcrumb"},"inLanguage":"fr-CA","potentialAction":[{"@type":"ReadAction","target":["https:\/\/otttransport.com\/fr\/contactez-nous\/"]}]},{"@type":"BreadcrumbList","@id":"https:\/\/otttransport.com\/fr\/contactez-nous\/#breadcrumb","itemListElement":[{"@type":"ListItem","position":1,"name":"Home","item":"https:\/\/otttransport.com\/fr\/"},{"@type":"ListItem","position":2,"name":"Contactez-nous"}]},{"@type":"WebSite","@id":"https:\/\/otttransport.com\/#website","url":"https:\/\/otttransport.com\/","name":"On Time Transport","description":"Jupiter 6","potentialAction":[{"@type":"SearchAction","target":{"@type":"EntryPoint","urlTemplate":"https:\/\/otttransport.com\/?s={search_term_string}"},"query-input":{"@type":"PropertyValueSpecification","valueRequired":true,"valueName":"search_term_string"}}],"inLanguage":"fr-CA"}]}},"_links":{"self":[{"href":"https:\/\/otttransport.com\/fr\/wp-json\/wp\/v2\/pages\/351","targetHints":{"allow":["GET"]}}],"collection":[{"href":"https:\/\/otttransport.com\/fr\/wp-json\/wp\/v2\/pages"}],"about":[{"href":"https:\/\/otttransport.com\/fr\/wp-json\/wp\/v2\/types\/page"}],"author":[{"embeddable":true,"href":"https:\/\/otttransport.com\/fr\/wp-json\/wp\/v2\/users\/2"}],"replies":[{"embeddable":true,"href":"https:\/\/otttransport.com\/fr\/wp-json\/wp\/v2\/comments?post=351"}],"version-history":[{"count":3,"href":"https:\/\/otttransport.com\/fr\/wp-json\/wp\/v2\/pages\/351\/revisions"}],"predecessor-version":[{"id":1373,"href":"https:\/\/otttransport.com\/fr\/wp-json\/wp\/v2\/pages\/351\/revisions\/1373"}],"wp:attachment":[{"href":"https:\/\/otttransport.com\/fr\/wp-json\/wp\/v2\/media?parent=351"}],"curies":[{"name":"wp","href":"https:\/\/api.w.org\/{rel}","templated":true}]}}